{"id":12,"date":"2021-02-01T18:19:32","date_gmt":"2021-02-01T18:19:32","guid":{"rendered":"https:\/\/baenderbedrucken.de\/?page_id=12"},"modified":"2026-02-18T14:20:21","modified_gmt":"2026-02-18T14:20:21","slug":"satinbander_mit_aufdruck","status":"publish","type":"page","link":"https:\/\/baenderbedrucken.de\/index.php\/satinbander_mit_aufdruck\/","title":{"rendered":"Satinband mit Logo \u2013 personalisierte Satinb\u00e4nder mit Aufdruck direkt vom Hersteller"},"content":{"rendered":"<h1>Satinband mit Logo \u2013 personalisierte Satinb\u00e4nder mit Aufdruck direkt vom Hersteller<\/h1>\n<p><strong>Wenn du nach einer eleganten und kosteng\u00fcnstigen Methode zur Personalisierung von Verpackungen oder Geschenken suchst, w\u00e4hle die Satinb\u00e4nder mit Aufdruck. Dies ist eine L\u00f6sung, die \u00c4sthetik, Funktionalit\u00e4t und niedrige Preise verbindet.<\/strong><\/p>\n<p><img loading=\"lazy\" decoding=\"async\" class=\"alignnone wp-image-228 \" src=\"https:\/\/baenderbedrucken.de\/wp-content\/uploads\/2022\/01\/Satinband_geschenken_druck_fur_DB.gif\" alt=\"Satinband fur Deutsche Bahn Schenker\" width=\"635\" height=\"471\" \/><\/p>\n<p>Dazu ist der Aufdruck in Vollfarbe bereits im Preis inbegriffen!<\/p>\n<h2>Warum lohnt es sich, unsere Satinb\u00e4nder zu w\u00e4hlen?<\/h2>\n<p>Erstens ist das die kosteng\u00fcnstigste Art von Werbeb\u00e4ndern.<br \/>\nZweitens bieten wir den Aufdruck in einer beliebigen Anzahl an Farben \u2013 ohne Zusatzkosten.<br \/>\nDazu haben wir die breiteste Breitenauswahl \u2013 von 1 cm bis hin zu 5 cm (und auf Wunsch bis sogar 15 cm).<br \/>\nSo passt du das Band an dein Produkt oder an dein Event mit Leichtigkeit an.<\/p>\n<p><img loading=\"lazy\" decoding=\"async\" class=\"alignnone size-medium wp-image-69\" src=\"https:\/\/baenderbedrucken.de\/wp-content\/uploads\/2021\/02\/geschenk_satinbander_bedrucken-300x297.jpg\" alt=\"Geschenk Satinbander Bedrucken\" width=\"300\" height=\"297\" srcset=\"https:\/\/baenderbedrucken.de\/wp-content\/uploads\/2021\/02\/geschenk_satinbander_bedrucken-300x297.jpg 300w, https:\/\/baenderbedrucken.de\/wp-content\/uploads\/2021\/02\/geschenk_satinbander_bedrucken-150x150.jpg 150w, https:\/\/baenderbedrucken.de\/wp-content\/uploads\/2021\/02\/geschenk_satinbander_bedrucken.jpg 691w\" sizes=\"auto, (max-width: 300px) 100vw, 300px\" \/><\/p>\n<h2><strong data-start=\"37\" data-end=\"92\" data-is-last-node=\"\">Personalisierte Satinb\u00e4nder \u2013 weitere Informationen<\/strong><\/h2>\n<p>Verleihe deinen Verpackungen, Produkten und Dekorationen einen exklusiven Look mit unserem hochwertigen <strong data-start=\"455\" data-end=\"477\">Satinband mit Logo<\/strong>. Die seidig glatte Oberfl\u00e4che, der dezente Glanz und pr\u00e4zise verarbeitete Kanten sorgen f\u00fcr eine elegante und professionelle Optik \u2013 ideal f\u00fcr Branding, Events und luxuri\u00f6se Verpackungen.<\/p>\n<h2 data-start=\"1447\" data-end=\"1482\">Verf\u00fcgbare Breiten f\u00fcr Satinband<\/h2>\n<p data-start=\"1484\" data-end=\"1552\">8 mm, 1 cm, 1,5 cm, 2 cm, 2,5 cm, 3 cm, 3,5 cm, 4 cm, 4,5 cm, 5 cm<\/p>\n<p data-start=\"1554\" data-end=\"1614\">Die beliebtesten Breiten: <strong data-start=\"1580\" data-end=\"1613\">1,5 cm, 2 cm, 1 cm und 2,5 cm<\/strong>.<\/p>\n<p><img loading=\"lazy\" decoding=\"async\" class=\"alignnone wp-image-392\" src=\"https:\/\/baenderbedrucken.de\/wp-content\/uploads\/2026\/02\/satinband_logo.jpg\" alt=\"Logo Sainband\" width=\"503\" height=\"260\" srcset=\"https:\/\/baenderbedrucken.de\/wp-content\/uploads\/2026\/02\/satinband_logo.jpg 829w, https:\/\/baenderbedrucken.de\/wp-content\/uploads\/2026\/02\/satinband_logo-300x155.jpg 300w, https:\/\/baenderbedrucken.de\/wp-content\/uploads\/2026\/02\/satinband_logo-768x397.jpg 768w\" sizes=\"auto, (max-width: 503px) 100vw, 503px\" \/><\/p>\n<h2 data-start=\"1621\" data-end=\"1652\">Vorteile unserer Satinb\u00e4nder<\/h2>\n<p data-start=\"1654\" data-end=\"1881\">\ud83c\udfa8 KOSTENFREIER Probeaufdruck<br data-start=\"1683\" data-end=\"1686\" \/>\u2702\ufe0f KOSTENFREIE Muster und Schablonen<br data-start=\"1722\" data-end=\"1725\" \/>\ud83d\udc41\ufe0f KOSTENFREIE Design-Visualisierung<br data-start=\"1762\" data-end=\"1765\" \/>\ud83d\udce6 Mindestbestellmenge: nur 25 Meter<br data-start=\"1801\" data-end=\"1804\" \/>\u23f1\ufe0f Produktionszeit: 3\u20134 Werktage<br data-start=\"1836\" data-end=\"1839\" \/>\ud83d\udcbc Gro\u00dfhandelspreise bereits ab 100 Metern<\/p>\n<p>&nbsp;<\/p>\n<p><img loading=\"lazy\" decoding=\"async\" class=\"alignnone wp-image-163 \" src=\"https:\/\/baenderbedrucken.de\/wp-content\/uploads\/2021\/10\/satin-baender-druck-logo-produzent.jpg\" alt=\"b\u00e4nder mit Logo.\" width=\"411\" height=\"271\" srcset=\"https:\/\/baenderbedrucken.de\/wp-content\/uploads\/2021\/10\/satin-baender-druck-logo-produzent.jpg 395w, https:\/\/baenderbedrucken.de\/wp-content\/uploads\/2021\/10\/satin-baender-druck-logo-produzent-300x197.jpg 300w\" sizes=\"auto, (max-width: 411px) 100vw, 411px\" \/><\/p>\n<h2>\u2753 H\u00e4ufig gestellte Fragen zu Satinb\u00e4ndern mit Aufdruck<\/h2>\n<h3><strong>1. Welche Grafiken kann man auf dem Band drucken?<\/strong><\/h3>\n<p>Man kann ein beliebiges Logo, einen Text oder eine Grafik drucken. Die Datei sollte am besten in einem Vektorgrafik-Format versendet werden (z.B. PDF, SVG, AI), wir akzeptieren aber auch PNG und JPG \u2013 Hauptsache, die Qualit\u00e4t stimmt<br \/>\n<img loading=\"lazy\" decoding=\"async\" class=\"alignnone wp-image-122 \" src=\"https:\/\/baenderbedrucken.de\/wp-content\/uploads\/2021\/04\/Schwarzes-Werbeband.jpg\" alt=\"Schwarze B\u00e4nder mit Logo bedrucken\" width=\"495\" height=\"371\" srcset=\"https:\/\/baenderbedrucken.de\/wp-content\/uploads\/2021\/04\/Schwarzes-Werbeband.jpg 444w, https:\/\/baenderbedrucken.de\/wp-content\/uploads\/2021\/04\/Schwarzes-Werbeband-300x225.jpg 300w\" sizes=\"auto, (max-width: 495px) 100vw, 495px\" \/><\/p>\n<h3><strong>2. Kann man die B\u00e4nder mit Aufdruck in einer beliebigen Farbe bestellen?<\/strong><\/h3>\n<p>Ja, wir bieten die M\u00f6glichkeit des ein- oder beidseitigen F\u00e4rbens. Die Farbe kann an die visuelle Identifizierung der Marke angepasst werden wir verwenden die Pantone- und CMYK-Paletten.<\/p>\n<p><img loading=\"lazy\" decoding=\"async\" class=\"alignnone wp-image-393\" src=\"https:\/\/baenderbedrucken.de\/wp-content\/uploads\/2026\/02\/Satinband-Druck.jpg\" alt=\"Satinband Druck\" width=\"583\" height=\"279\" srcset=\"https:\/\/baenderbedrucken.de\/wp-content\/uploads\/2026\/02\/Satinband-Druck.jpg 969w, https:\/\/baenderbedrucken.de\/wp-content\/uploads\/2026\/02\/Satinband-Druck-300x143.jpg 300w, https:\/\/baenderbedrucken.de\/wp-content\/uploads\/2026\/02\/Satinband-Druck-768x367.jpg 768w\" sizes=\"auto, (max-width: 583px) 100vw, 583px\" \/><\/p>\n<h3>3. Ist der Aufdruck haltbar?<\/h3>\n<p>Ja \u2013 wir setzen eine Drucktechnologie ein, die Haltbarkeit und Abriebfestigkeit sicherstelle.<\/p>\n<h3>4. Kann man Muster bestellen?<\/h3>\n<p>Ja, wir bieten kostenfreie Muster und Visualisierung. So kann man den Effekt noch vor der eigentlichen Fertigung sehen<br \/>\n<img loading=\"lazy\" decoding=\"async\" class=\"alignnone wp-image-57\" src=\"https:\/\/baenderbedrucken.de\/wp-content\/uploads\/2021\/02\/Satinbander-300x300.jpg\" alt=\"Satinb\u00e4nder mit druck\" width=\"402\" height=\"402\" srcset=\"https:\/\/baenderbedrucken.de\/wp-content\/uploads\/2021\/02\/Satinbander-300x300.jpg 300w, https:\/\/baenderbedrucken.de\/wp-content\/uploads\/2021\/02\/Satinbander-150x150.jpg 150w, https:\/\/baenderbedrucken.de\/wp-content\/uploads\/2021\/02\/Satinbander-768x768.jpg 768w, https:\/\/baenderbedrucken.de\/wp-content\/uploads\/2021\/02\/Satinbander.jpg 792w\" sizes=\"auto, (max-width: 402px) 100vw, 402px\" \/><\/p>\n<h3>5. Wie lange ist die Bearbeitungszeit einer Bestellung?<\/h3>\n<p>In der Regel sind das 3-4 Werktage ab dem Tag der Projektbest\u00e4tigung.<\/p>\n<h3>6. Wie bestellt man B\u00e4nder mit Logo?<\/h3>\n<p>Das ist einfach! Schreibe uns eine<a href=\"https:\/\/baenderbedrucken.de\/index.php\/kontakt-bander-werbe\/\"> E-Mail<\/a> mit folgenden Informationen: ausgew\u00e4hlte Breite des Bandes, Anzahl Meter,\u00a0 Datei mit dem Logo oder der Grafik zum Aufdrucken.<\/p>\n<p><strong>\ud83d\udce9 Bestellungen und Fragen:<\/strong><br \/>\n<a href=\"mailto:info@baenderbedrucken.de\">info@baenderbedrucken.de\u00a0<\/a><\/p>\n<p><strong><img loading=\"lazy\" decoding=\"async\" class=\"alignnone wp-image-148 \" src=\"https:\/\/baenderbedrucken.de\/wp-content\/uploads\/2021\/10\/satin_baender_mit_druck.jpg\" alt=\"Geschenkband mit Aufdruck\" width=\"399\" height=\"373\" srcset=\"https:\/\/baenderbedrucken.de\/wp-content\/uploads\/2021\/10\/satin_baender_mit_druck.jpg 773w, https:\/\/baenderbedrucken.de\/wp-content\/uploads\/2021\/10\/satin_baender_mit_druck-300x281.jpg 300w, https:\/\/baenderbedrucken.de\/wp-content\/uploads\/2021\/10\/satin_baender_mit_druck-768x718.jpg 768w\" sizes=\"auto, (max-width: 399px) 100vw, 399px\" \/><\/strong><\/p>\n<p><span class=\"VIiyi\" lang=\"de\"><span class=\"JLqJ4b ChMk0b\" data-language-for-alternatives=\"de\" data-language-to-translate-into=\"pl\" data-phrase-index=\"0\" data-number-of-phrases=\"1\">Sie k\u00f6nnen jede Farbe aus den CMYK- und Pantone-Paletten ausw\u00e4hlen<\/span><\/span><\/p>\n<p><strong>Wir versenden kostenlose proben!<\/strong><\/p>\n<p>&nbsp;<\/p>\n<p><a href=\"https:\/\/baenderbedrucken.de\/index.php\/kontakt-bander-werbe\/\">Fragen und Bestellungen?<\/a><\/p>\n","protected":false},"excerpt":{"rendered":"<p>Satinband mit Logo \u2013 personalisierte Satinb\u00e4nder mit Aufdruck direkt vom Hersteller Wenn du nach einer eleganten und kosteng\u00fcnstigen Methode zur Personalisierung von Verpackungen oder Geschenken&hellip;<\/p>\n","protected":false},"author":1,"featured_media":0,"parent":0,"menu_order":0,"comment_status":"closed","ping_status":"closed","template":"","meta":{"footnotes":""},"class_list":["post-12","page","type-page","status-publish","hentry"],"yoast_head":"<!-- This site is optimized with the Yoast SEO plugin v27.0 - https:\/\/yoast.com\/product\/yoast-seo-wordpress\/ -->\n<title>Satinband mit Logo \u2013 personalisierte Satinb\u00e4nder mit Aufdruck direkt vom Hersteller<\/title>\n<meta name=\"description\" content=\"Satinb\u00e4nder mit Aufdruck. Vollfarbdruck ohne Aufpreis, viele Breiten, schnelle Produktion 3 Werktage. Jetzt kostenloses Muster sichern!\" \/>\n<meta name=\"robots\" content=\"index, follow, max-snippet:-1, max-image-preview:large, max-video-preview:-1\" \/>\n<link rel=\"canonical\" href=\"https:\/\/baenderbedrucken.de\/index.php\/satinbander_mit_aufdruck\/\" \/>\n<meta property=\"og:locale\" content=\"de_DE\" \/>\n<meta property=\"og:type\" content=\"article\" \/>\n<meta property=\"og:title\" content=\"Satinband mit Logo \u2013 personalisierte Satinb\u00e4nder mit Aufdruck direkt vom Hersteller\" \/>\n<meta property=\"og:description\" content=\"Satinb\u00e4nder mit Aufdruck. Vollfarbdruck ohne Aufpreis, viele Breiten, schnelle Produktion 3 Werktage. Jetzt kostenloses Muster sichern!\" \/>\n<meta property=\"og:url\" content=\"https:\/\/baenderbedrucken.de\/index.php\/satinbander_mit_aufdruck\/\" \/>\n<meta property=\"og:site_name\" content=\"BaenderBedrucken.de - Geschenkb\u00e4nder mit Logo\" \/>\n<meta property=\"article:publisher\" content=\"https:\/\/www.facebook.com\/baenderbedrucken\/\" \/>\n<meta property=\"article:modified_time\" content=\"2026-02-18T14:20:21+00:00\" \/>\n<meta property=\"og:image\" content=\"https:\/\/baenderbedrucken.de\/wp-content\/uploads\/2022\/01\/Satinband_geschenken_druck_fur_DB.gif\" \/>\n\t<meta property=\"og:image:width\" content=\"683\" \/>\n\t<meta property=\"og:image:height\" content=\"507\" \/>\n\t<meta property=\"og:image:type\" content=\"image\/gif\" \/>\n<meta name=\"twitter:card\" content=\"summary_large_image\" \/>\n<meta name=\"twitter:label1\" content=\"Gesch\u00e4tzte Lesezeit\" \/>\n\t<meta name=\"twitter:data1\" content=\"5\u00a0Minuten\" \/>\n<script type=\"application\/ld+json\" class=\"yoast-schema-graph\">{\"@context\":\"https:\/\/schema.org\",\"@graph\":[{\"@type\":\"WebPage\",\"@id\":\"https:\/\/baenderbedrucken.de\/index.php\/satinbander_mit_aufdruck\/\",\"url\":\"https:\/\/baenderbedrucken.de\/index.php\/satinbander_mit_aufdruck\/\",\"name\":\"Satinband mit Logo \u2013 personalisierte Satinb\u00e4nder mit Aufdruck direkt vom Hersteller\",\"isPartOf\":{\"@id\":\"https:\/\/baenderbedrucken.de\/#website\"},\"primaryImageOfPage\":{\"@id\":\"https:\/\/baenderbedrucken.de\/index.php\/satinbander_mit_aufdruck\/#primaryimage\"},\"image\":{\"@id\":\"https:\/\/baenderbedrucken.de\/index.php\/satinbander_mit_aufdruck\/#primaryimage\"},\"thumbnailUrl\":\"https:\/\/baenderbedrucken.de\/wp-content\/uploads\/2022\/01\/Satinband_geschenken_druck_fur_DB.gif\",\"datePublished\":\"2021-02-01T18:19:32+00:00\",\"dateModified\":\"2026-02-18T14:20:21+00:00\",\"description\":\"Satinb\u00e4nder mit Aufdruck. Vollfarbdruck ohne Aufpreis, viele Breiten, schnelle Produktion 3 Werktage. Jetzt kostenloses Muster sichern!\",\"breadcrumb\":{\"@id\":\"https:\/\/baenderbedrucken.de\/index.php\/satinbander_mit_aufdruck\/#breadcrumb\"},\"inLanguage\":\"de\",\"potentialAction\":[{\"@type\":\"ReadAction\",\"target\":[\"https:\/\/baenderbedrucken.de\/index.php\/satinbander_mit_aufdruck\/\"]}]},{\"@type\":\"ImageObject\",\"inLanguage\":\"de\",\"@id\":\"https:\/\/baenderbedrucken.de\/index.php\/satinbander_mit_aufdruck\/#primaryimage\",\"url\":\"https:\/\/baenderbedrucken.de\/wp-content\/uploads\/2022\/01\/Satinband_geschenken_druck_fur_DB.gif\",\"contentUrl\":\"https:\/\/baenderbedrucken.de\/wp-content\/uploads\/2022\/01\/Satinband_geschenken_druck_fur_DB.gif\",\"width\":683,\"height\":507,\"caption\":\"Satinband fur Deutsche Bahn Schenker\"},{\"@type\":\"BreadcrumbList\",\"@id\":\"https:\/\/baenderbedrucken.de\/index.php\/satinbander_mit_aufdruck\/#breadcrumb\",\"itemListElement\":[{\"@type\":\"ListItem\",\"position\":1,\"name\":\"Home\",\"item\":\"https:\/\/baenderbedrucken.de\/\"},{\"@type\":\"ListItem\",\"position\":2,\"name\":\"Satinband mit Logo \u2013 personalisierte Satinb\u00e4nder mit Aufdruck direkt vom Hersteller\"}]},{\"@type\":\"WebSite\",\"@id\":\"https:\/\/baenderbedrucken.de\/#website\",\"url\":\"https:\/\/baenderbedrucken.de\/\",\"name\":\"BaenderBedrucken.de - Geschenkb\u00e4nder mit Logo\",\"description\":\"Satinband bedrucken\",\"publisher\":{\"@id\":\"https:\/\/baenderbedrucken.de\/#organization\"},\"potentialAction\":[{\"@type\":\"SearchAction\",\"target\":{\"@type\":\"EntryPoint\",\"urlTemplate\":\"https:\/\/baenderbedrucken.de\/?s={search_term_string}\"},\"query-input\":{\"@type\":\"PropertyValueSpecification\",\"valueRequired\":true,\"valueName\":\"search_term_string\"}}],\"inLanguage\":\"de\"},{\"@type\":\"Organization\",\"@id\":\"https:\/\/baenderbedrucken.de\/#organization\",\"name\":\"BaenderBedrucken.de - Geschenkb\u00e4nder mit Logo\",\"url\":\"https:\/\/baenderbedrucken.de\/\",\"logo\":{\"@type\":\"ImageObject\",\"inLanguage\":\"de\",\"@id\":\"https:\/\/baenderbedrucken.de\/#\/schema\/logo\/image\/\",\"url\":\"https:\/\/baenderbedrucken.de\/wp-content\/uploads\/2021\/02\/cropped-GESCHENKBANDER-1.gif\",\"contentUrl\":\"https:\/\/baenderbedrucken.de\/wp-content\/uploads\/2021\/02\/cropped-GESCHENKBANDER-1.gif\",\"width\":731,\"height\":163,\"caption\":\"BaenderBedrucken.de - Geschenkb\u00e4nder mit Logo\"},\"image\":{\"@id\":\"https:\/\/baenderbedrucken.de\/#\/schema\/logo\/image\/\"},\"sameAs\":[\"https:\/\/www.facebook.com\/baenderbedrucken\/\"]}]}<\/script>\n<!-- \/ Yoast SEO plugin. -->","yoast_head_json":{"title":"Satinband mit Logo \u2013 personalisierte Satinb\u00e4nder mit Aufdruck direkt vom Hersteller","description":"Satinb\u00e4nder mit Aufdruck. Vollfarbdruck ohne Aufpreis, viele Breiten, schnelle Produktion 3 Werktage. Jetzt kostenloses Muster sichern!","robots":{"index":"index","follow":"follow","max-snippet":"max-snippet:-1","max-image-preview":"max-image-preview:large","max-video-preview":"max-video-preview:-1"},"canonical":"https:\/\/baenderbedrucken.de\/index.php\/satinbander_mit_aufdruck\/","og_locale":"de_DE","og_type":"article","og_title":"Satinband mit Logo \u2013 personalisierte Satinb\u00e4nder mit Aufdruck direkt vom Hersteller","og_description":"Satinb\u00e4nder mit Aufdruck. Vollfarbdruck ohne Aufpreis, viele Breiten, schnelle Produktion 3 Werktage. Jetzt kostenloses Muster sichern!","og_url":"https:\/\/baenderbedrucken.de\/index.php\/satinbander_mit_aufdruck\/","og_site_name":"BaenderBedrucken.de - Geschenkb\u00e4nder mit Logo","article_publisher":"https:\/\/www.facebook.com\/baenderbedrucken\/","article_modified_time":"2026-02-18T14:20:21+00:00","og_image":[{"width":683,"height":507,"url":"https:\/\/baenderbedrucken.de\/wp-content\/uploads\/2022\/01\/Satinband_geschenken_druck_fur_DB.gif","type":"image\/gif"}],"twitter_card":"summary_large_image","twitter_misc":{"Gesch\u00e4tzte Lesezeit":"5\u00a0Minuten"},"schema":{"@context":"https:\/\/schema.org","@graph":[{"@type":"WebPage","@id":"https:\/\/baenderbedrucken.de\/index.php\/satinbander_mit_aufdruck\/","url":"https:\/\/baenderbedrucken.de\/index.php\/satinbander_mit_aufdruck\/","name":"Satinband mit Logo \u2013 personalisierte Satinb\u00e4nder mit Aufdruck direkt vom Hersteller","isPartOf":{"@id":"https:\/\/baenderbedrucken.de\/#website"},"primaryImageOfPage":{"@id":"https:\/\/baenderbedrucken.de\/index.php\/satinbander_mit_aufdruck\/#primaryimage"},"image":{"@id":"https:\/\/baenderbedrucken.de\/index.php\/satinbander_mit_aufdruck\/#primaryimage"},"thumbnailUrl":"https:\/\/baenderbedrucken.de\/wp-content\/uploads\/2022\/01\/Satinband_geschenken_druck_fur_DB.gif","datePublished":"2021-02-01T18:19:32+00:00","dateModified":"2026-02-18T14:20:21+00:00","description":"Satinb\u00e4nder mit Aufdruck. Vollfarbdruck ohne Aufpreis, viele Breiten, schnelle Produktion 3 Werktage. Jetzt kostenloses Muster sichern!","breadcrumb":{"@id":"https:\/\/baenderbedrucken.de\/index.php\/satinbander_mit_aufdruck\/#breadcrumb"},"inLanguage":"de","potentialAction":[{"@type":"ReadAction","target":["https:\/\/baenderbedrucken.de\/index.php\/satinbander_mit_aufdruck\/"]}]},{"@type":"ImageObject","inLanguage":"de","@id":"https:\/\/baenderbedrucken.de\/index.php\/satinbander_mit_aufdruck\/#primaryimage","url":"https:\/\/baenderbedrucken.de\/wp-content\/uploads\/2022\/01\/Satinband_geschenken_druck_fur_DB.gif","contentUrl":"https:\/\/baenderbedrucken.de\/wp-content\/uploads\/2022\/01\/Satinband_geschenken_druck_fur_DB.gif","width":683,"height":507,"caption":"Satinband fur Deutsche Bahn Schenker"},{"@type":"BreadcrumbList","@id":"https:\/\/baenderbedrucken.de\/index.php\/satinbander_mit_aufdruck\/#breadcrumb","itemListElement":[{"@type":"ListItem","position":1,"name":"Home","item":"https:\/\/baenderbedrucken.de\/"},{"@type":"ListItem","position":2,"name":"Satinband mit Logo \u2013 personalisierte Satinb\u00e4nder mit Aufdruck direkt vom Hersteller"}]},{"@type":"WebSite","@id":"https:\/\/baenderbedrucken.de\/#website","url":"https:\/\/baenderbedrucken.de\/","name":"BaenderBedrucken.de - Geschenkb\u00e4nder mit Logo","description":"Satinband bedrucken","publisher":{"@id":"https:\/\/baenderbedrucken.de\/#organization"},"potentialAction":[{"@type":"SearchAction","target":{"@type":"EntryPoint","urlTemplate":"https:\/\/baenderbedrucken.de\/?s={search_term_string}"},"query-input":{"@type":"PropertyValueSpecification","valueRequired":true,"valueName":"search_term_string"}}],"inLanguage":"de"},{"@type":"Organization","@id":"https:\/\/baenderbedrucken.de\/#organization","name":"BaenderBedrucken.de - Geschenkb\u00e4nder mit Logo","url":"https:\/\/baenderbedrucken.de\/","logo":{"@type":"ImageObject","inLanguage":"de","@id":"https:\/\/baenderbedrucken.de\/#\/schema\/logo\/image\/","url":"https:\/\/baenderbedrucken.de\/wp-content\/uploads\/2021\/02\/cropped-GESCHENKBANDER-1.gif","contentUrl":"https:\/\/baenderbedrucken.de\/wp-content\/uploads\/2021\/02\/cropped-GESCHENKBANDER-1.gif","width":731,"height":163,"caption":"BaenderBedrucken.de - Geschenkb\u00e4nder mit Logo"},"image":{"@id":"https:\/\/baenderbedrucken.de\/#\/schema\/logo\/image\/"},"sameAs":["https:\/\/www.facebook.com\/baenderbedrucken\/"]}]}},"_links":{"self":[{"href":"https:\/\/baenderbedrucken.de\/index.php\/wp-json\/wp\/v2\/pages\/12","targetHints":{"allow":["GET"]}}],"collection":[{"href":"https:\/\/baenderbedrucken.de\/index.php\/wp-json\/wp\/v2\/pages"}],"about":[{"href":"https:\/\/baenderbedrucken.de\/index.php\/wp-json\/wp\/v2\/types\/page"}],"author":[{"embeddable":true,"href":"https:\/\/baenderbedrucken.de\/index.php\/wp-json\/wp\/v2\/users\/1"}],"replies":[{"embeddable":true,"href":"https:\/\/baenderbedrucken.de\/index.php\/wp-json\/wp\/v2\/comments?post=12"}],"version-history":[{"count":22,"href":"https:\/\/baenderbedrucken.de\/index.php\/wp-json\/wp\/v2\/pages\/12\/revisions"}],"predecessor-version":[{"id":397,"href":"https:\/\/baenderbedrucken.de\/index.php\/wp-json\/wp\/v2\/pages\/12\/revisions\/397"}],"wp:attachment":[{"href":"https:\/\/baenderbedrucken.de\/index.php\/wp-json\/wp\/v2\/media?parent=12"}],"curies":[{"name":"wp","href":"https:\/\/api.w.org\/{rel}","templated":true}]}}