{"id":213,"date":"2022-01-20T17:52:16","date_gmt":"2022-01-20T17:52:16","guid":{"rendered":"https:\/\/baenderbedrucken.de\/?page_id=213"},"modified":"2026-01-22T12:31:28","modified_gmt":"2026-01-22T12:31:28","slug":"werden-sie-unser-vertriebspartner","status":"publish","type":"page","link":"https:\/\/baenderbedrucken.de\/index.php\/werden-sie-unser-vertriebspartner\/","title":{"rendered":"Werden Sie unser Vertriebspartner"},"content":{"rendered":"<h1><strong>B2B-Kooperation<\/strong><\/h1>\n<p><strong>Wir laden Sie zur dauerhaften Zusammenarbeit in Deutschland oder \u00d6sterreich ein. Werden Sie unser Vertreiber von Werbeb\u00e4ndern.<\/strong><\/p>\n<p><img loading=\"lazy\" decoding=\"async\" class=\"alignnone wp-image-190\" src=\"https:\/\/baenderbedrucken.de\/wp-content\/uploads\/2021\/11\/Satinband_logo_druck-300x220.jpg\" alt=\"Satinband logo druck\" width=\"303\" height=\"222\" srcset=\"https:\/\/baenderbedrucken.de\/wp-content\/uploads\/2021\/11\/Satinband_logo_druck-300x220.jpg 300w, https:\/\/baenderbedrucken.de\/wp-content\/uploads\/2021\/11\/Satinband_logo_druck-768x563.jpg 768w, https:\/\/baenderbedrucken.de\/wp-content\/uploads\/2021\/11\/Satinband_logo_druck.jpg 783w\" sizes=\"auto, (max-width: 303px) 100vw, 303px\" \/> <img loading=\"lazy\" decoding=\"async\" class=\"wp-image-193 alignnone\" src=\"https:\/\/baenderbedrucken.de\/wp-content\/uploads\/2021\/11\/baender_logo_Preis-300x212.jpg\" alt=\"Druckb\u00e4nder Geschenkb\u00e4nder bedrucken\" width=\"314\" height=\"222\" srcset=\"https:\/\/baenderbedrucken.de\/wp-content\/uploads\/2021\/11\/baender_logo_Preis-300x212.jpg 300w, https:\/\/baenderbedrucken.de\/wp-content\/uploads\/2021\/11\/baender_logo_Preis-768x542.jpg 768w, https:\/\/baenderbedrucken.de\/wp-content\/uploads\/2021\/11\/baender_logo_Preis.jpg 855w\" sizes=\"auto, (max-width: 314px) 100vw, 314px\" \/><\/p>\n<p>baender mit aufdruck<\/p>\n<p><strong>Schreiben Sie, um ein Angebot zu erhalten: <a href=\"mailto:info@baenderbedrucken.de\">info@baenderbedrucken.de<\/a><br \/>\n<\/strong><\/p>\n<p>&nbsp;<\/p>\n","protected":false},"excerpt":{"rendered":"<p>B2B-Kooperation Wir laden Sie zur dauerhaften Zusammenarbeit in Deutschland oder \u00d6sterreich ein. Werden Sie unser Vertreiber von Werbeb\u00e4ndern. baender mit aufdruck Schreiben Sie, um ein&hellip;<\/p>\n","protected":false},"author":1,"featured_media":0,"parent":0,"menu_order":0,"comment_status":"closed","ping_status":"closed","template":"","meta":{"footnotes":""},"class_list":["post-213","page","type-page","status-publish","hentry"],"yoast_head":"<!-- This site is optimized with the Yoast SEO plugin v27.0 - https:\/\/yoast.com\/product\/yoast-seo-wordpress\/ -->\n<title>Werden Sie unser Vertriebspartner - BaenderBedrucken.de - Geschenkb\u00e4nder mit Logo<\/title>\n<meta name=\"robots\" content=\"index, follow, max-snippet:-1, max-image-preview:large, max-video-preview:-1\" \/>\n<link rel=\"canonical\" href=\"https:\/\/baenderbedrucken.de\/index.php\/werden-sie-unser-vertriebspartner\/\" \/>\n<meta property=\"og:locale\" content=\"de_DE\" \/>\n<meta property=\"og:type\" content=\"article\" \/>\n<meta property=\"og:title\" content=\"Werden Sie unser Vertriebspartner - BaenderBedrucken.de - Geschenkb\u00e4nder mit Logo\" \/>\n<meta property=\"og:description\" content=\"B2B-Kooperation Wir laden Sie zur dauerhaften Zusammenarbeit in Deutschland oder \u00d6sterreich ein. Werden Sie unser Vertreiber von Werbeb\u00e4ndern. baender mit aufdruck Schreiben Sie, um ein&hellip;\" \/>\n<meta property=\"og:url\" content=\"https:\/\/baenderbedrucken.de\/index.php\/werden-sie-unser-vertriebspartner\/\" \/>\n<meta property=\"og:site_name\" content=\"BaenderBedrucken.de - Geschenkb\u00e4nder mit Logo\" \/>\n<meta property=\"article:publisher\" content=\"https:\/\/www.facebook.com\/baenderbedrucken\/\" \/>\n<meta property=\"article:modified_time\" content=\"2026-01-22T12:31:28+00:00\" \/>\n<meta property=\"og:image\" content=\"https:\/\/baenderbedrucken.de\/wp-content\/uploads\/2021\/11\/Satinband_logo_druck.jpg\" \/>\n\t<meta property=\"og:image:width\" content=\"783\" \/>\n\t<meta property=\"og:image:height\" content=\"574\" \/>\n\t<meta property=\"og:image:type\" content=\"image\/jpeg\" \/>\n<meta name=\"twitter:card\" content=\"summary_large_image\" \/>\n<meta name=\"twitter:label1\" content=\"Gesch\u00e4tzte Lesezeit\" \/>\n\t<meta name=\"twitter:data1\" content=\"1\u00a0Minute\" \/>\n<script type=\"application\/ld+json\" class=\"yoast-schema-graph\">{\"@context\":\"https:\/\/schema.org\",\"@graph\":[{\"@type\":\"WebPage\",\"@id\":\"https:\/\/baenderbedrucken.de\/index.php\/werden-sie-unser-vertriebspartner\/\",\"url\":\"https:\/\/baenderbedrucken.de\/index.php\/werden-sie-unser-vertriebspartner\/\",\"name\":\"Werden Sie unser Vertriebspartner - BaenderBedrucken.de - Geschenkb\u00e4nder mit Logo\",\"isPartOf\":{\"@id\":\"https:\/\/baenderbedrucken.de\/#website\"},\"primaryImageOfPage\":{\"@id\":\"https:\/\/baenderbedrucken.de\/index.php\/werden-sie-unser-vertriebspartner\/#primaryimage\"},\"image\":{\"@id\":\"https:\/\/baenderbedrucken.de\/index.php\/werden-sie-unser-vertriebspartner\/#primaryimage\"},\"thumbnailUrl\":\"https:\/\/baenderbedrucken.de\/wp-content\/uploads\/2021\/11\/Satinband_logo_druck-300x220.jpg\",\"datePublished\":\"2022-01-20T17:52:16+00:00\",\"dateModified\":\"2026-01-22T12:31:28+00:00\",\"breadcrumb\":{\"@id\":\"https:\/\/baenderbedrucken.de\/index.php\/werden-sie-unser-vertriebspartner\/#breadcrumb\"},\"inLanguage\":\"de\",\"potentialAction\":[{\"@type\":\"ReadAction\",\"target\":[\"https:\/\/baenderbedrucken.de\/index.php\/werden-sie-unser-vertriebspartner\/\"]}]},{\"@type\":\"ImageObject\",\"inLanguage\":\"de\",\"@id\":\"https:\/\/baenderbedrucken.de\/index.php\/werden-sie-unser-vertriebspartner\/#primaryimage\",\"url\":\"https:\/\/baenderbedrucken.de\/wp-content\/uploads\/2021\/11\/Satinband_logo_druck.jpg\",\"contentUrl\":\"https:\/\/baenderbedrucken.de\/wp-content\/uploads\/2021\/11\/Satinband_logo_druck.jpg\",\"width\":783,\"height\":574,\"caption\":\"Satinband logo druck\"},{\"@type\":\"BreadcrumbList\",\"@id\":\"https:\/\/baenderbedrucken.de\/index.php\/werden-sie-unser-vertriebspartner\/#breadcrumb\",\"itemListElement\":[{\"@type\":\"ListItem\",\"position\":1,\"name\":\"Home\",\"item\":\"https:\/\/baenderbedrucken.de\/\"},{\"@type\":\"ListItem\",\"position\":2,\"name\":\"Werden Sie unser Vertriebspartner\"}]},{\"@type\":\"WebSite\",\"@id\":\"https:\/\/baenderbedrucken.de\/#website\",\"url\":\"https:\/\/baenderbedrucken.de\/\",\"name\":\"BaenderBedrucken.de - Geschenkb\u00e4nder mit Logo\",\"description\":\"Satinband bedrucken\",\"publisher\":{\"@id\":\"https:\/\/baenderbedrucken.de\/#organization\"},\"potentialAction\":[{\"@type\":\"SearchAction\",\"target\":{\"@type\":\"EntryPoint\",\"urlTemplate\":\"https:\/\/baenderbedrucken.de\/?s={search_term_string}\"},\"query-input\":{\"@type\":\"PropertyValueSpecification\",\"valueRequired\":true,\"valueName\":\"search_term_string\"}}],\"inLanguage\":\"de\"},{\"@type\":\"Organization\",\"@id\":\"https:\/\/baenderbedrucken.de\/#organization\",\"name\":\"BaenderBedrucken.de - Geschenkb\u00e4nder mit Logo\",\"url\":\"https:\/\/baenderbedrucken.de\/\",\"logo\":{\"@type\":\"ImageObject\",\"inLanguage\":\"de\",\"@id\":\"https:\/\/baenderbedrucken.de\/#\/schema\/logo\/image\/\",\"url\":\"https:\/\/baenderbedrucken.de\/wp-content\/uploads\/2021\/02\/cropped-GESCHENKBANDER-1.gif\",\"contentUrl\":\"https:\/\/baenderbedrucken.de\/wp-content\/uploads\/2021\/02\/cropped-GESCHENKBANDER-1.gif\",\"width\":731,\"height\":163,\"caption\":\"BaenderBedrucken.de - Geschenkb\u00e4nder mit Logo\"},\"image\":{\"@id\":\"https:\/\/baenderbedrucken.de\/#\/schema\/logo\/image\/\"},\"sameAs\":[\"https:\/\/www.facebook.com\/baenderbedrucken\/\"]}]}<\/script>\n<!-- \/ Yoast SEO plugin. -->","yoast_head_json":{"title":"Werden Sie unser Vertriebspartner - BaenderBedrucken.de - Geschenkb\u00e4nder mit Logo","robots":{"index":"index","follow":"follow","max-snippet":"max-snippet:-1","max-image-preview":"max-image-preview:large","max-video-preview":"max-video-preview:-1"},"canonical":"https:\/\/baenderbedrucken.de\/index.php\/werden-sie-unser-vertriebspartner\/","og_locale":"de_DE","og_type":"article","og_title":"Werden Sie unser Vertriebspartner - BaenderBedrucken.de - Geschenkb\u00e4nder mit Logo","og_description":"B2B-Kooperation Wir laden Sie zur dauerhaften Zusammenarbeit in Deutschland oder \u00d6sterreich ein. Werden Sie unser Vertreiber von Werbeb\u00e4ndern. baender mit aufdruck Schreiben Sie, um ein&hellip;","og_url":"https:\/\/baenderbedrucken.de\/index.php\/werden-sie-unser-vertriebspartner\/","og_site_name":"BaenderBedrucken.de - Geschenkb\u00e4nder mit Logo","article_publisher":"https:\/\/www.facebook.com\/baenderbedrucken\/","article_modified_time":"2026-01-22T12:31:28+00:00","og_image":[{"width":783,"height":574,"url":"https:\/\/baenderbedrucken.de\/wp-content\/uploads\/2021\/11\/Satinband_logo_druck.jpg","type":"image\/jpeg"}],"twitter_card":"summary_large_image","twitter_misc":{"Gesch\u00e4tzte Lesezeit":"1\u00a0Minute"},"schema":{"@context":"https:\/\/schema.org","@graph":[{"@type":"WebPage","@id":"https:\/\/baenderbedrucken.de\/index.php\/werden-sie-unser-vertriebspartner\/","url":"https:\/\/baenderbedrucken.de\/index.php\/werden-sie-unser-vertriebspartner\/","name":"Werden Sie unser Vertriebspartner - BaenderBedrucken.de - Geschenkb\u00e4nder mit Logo","isPartOf":{"@id":"https:\/\/baenderbedrucken.de\/#website"},"primaryImageOfPage":{"@id":"https:\/\/baenderbedrucken.de\/index.php\/werden-sie-unser-vertriebspartner\/#primaryimage"},"image":{"@id":"https:\/\/baenderbedrucken.de\/index.php\/werden-sie-unser-vertriebspartner\/#primaryimage"},"thumbnailUrl":"https:\/\/baenderbedrucken.de\/wp-content\/uploads\/2021\/11\/Satinband_logo_druck-300x220.jpg","datePublished":"2022-01-20T17:52:16+00:00","dateModified":"2026-01-22T12:31:28+00:00","breadcrumb":{"@id":"https:\/\/baenderbedrucken.de\/index.php\/werden-sie-unser-vertriebspartner\/#breadcrumb"},"inLanguage":"de","potentialAction":[{"@type":"ReadAction","target":["https:\/\/baenderbedrucken.de\/index.php\/werden-sie-unser-vertriebspartner\/"]}]},{"@type":"ImageObject","inLanguage":"de","@id":"https:\/\/baenderbedrucken.de\/index.php\/werden-sie-unser-vertriebspartner\/#primaryimage","url":"https:\/\/baenderbedrucken.de\/wp-content\/uploads\/2021\/11\/Satinband_logo_druck.jpg","contentUrl":"https:\/\/baenderbedrucken.de\/wp-content\/uploads\/2021\/11\/Satinband_logo_druck.jpg","width":783,"height":574,"caption":"Satinband logo druck"},{"@type":"BreadcrumbList","@id":"https:\/\/baenderbedrucken.de\/index.php\/werden-sie-unser-vertriebspartner\/#breadcrumb","itemListElement":[{"@type":"ListItem","position":1,"name":"Home","item":"https:\/\/baenderbedrucken.de\/"},{"@type":"ListItem","position":2,"name":"Werden Sie unser Vertriebspartner"}]},{"@type":"WebSite","@id":"https:\/\/baenderbedrucken.de\/#website","url":"https:\/\/baenderbedrucken.de\/","name":"BaenderBedrucken.de - Geschenkb\u00e4nder mit Logo","description":"Satinband bedrucken","publisher":{"@id":"https:\/\/baenderbedrucken.de\/#organization"},"potentialAction":[{"@type":"SearchAction","target":{"@type":"EntryPoint","urlTemplate":"https:\/\/baenderbedrucken.de\/?s={search_term_string}"},"query-input":{"@type":"PropertyValueSpecification","valueRequired":true,"valueName":"search_term_string"}}],"inLanguage":"de"},{"@type":"Organization","@id":"https:\/\/baenderbedrucken.de\/#organization","name":"BaenderBedrucken.de - Geschenkb\u00e4nder mit Logo","url":"https:\/\/baenderbedrucken.de\/","logo":{"@type":"ImageObject","inLanguage":"de","@id":"https:\/\/baenderbedrucken.de\/#\/schema\/logo\/image\/","url":"https:\/\/baenderbedrucken.de\/wp-content\/uploads\/2021\/02\/cropped-GESCHENKBANDER-1.gif","contentUrl":"https:\/\/baenderbedrucken.de\/wp-content\/uploads\/2021\/02\/cropped-GESCHENKBANDER-1.gif","width":731,"height":163,"caption":"BaenderBedrucken.de - Geschenkb\u00e4nder mit Logo"},"image":{"@id":"https:\/\/baenderbedrucken.de\/#\/schema\/logo\/image\/"},"sameAs":["https:\/\/www.facebook.com\/baenderbedrucken\/"]}]}},"_links":{"self":[{"href":"https:\/\/baenderbedrucken.de\/index.php\/wp-json\/wp\/v2\/pages\/213","targetHints":{"allow":["GET"]}}],"collection":[{"href":"https:\/\/baenderbedrucken.de\/index.php\/wp-json\/wp\/v2\/pages"}],"about":[{"href":"https:\/\/baenderbedrucken.de\/index.php\/wp-json\/wp\/v2\/types\/page"}],"author":[{"embeddable":true,"href":"https:\/\/baenderbedrucken.de\/index.php\/wp-json\/wp\/v2\/users\/1"}],"replies":[{"embeddable":true,"href":"https:\/\/baenderbedrucken.de\/index.php\/wp-json\/wp\/v2\/comments?post=213"}],"version-history":[{"count":3,"href":"https:\/\/baenderbedrucken.de\/index.php\/wp-json\/wp\/v2\/pages\/213\/revisions"}],"predecessor-version":[{"id":357,"href":"https:\/\/baenderbedrucken.de\/index.php\/wp-json\/wp\/v2\/pages\/213\/revisions\/357"}],"wp:attachment":[{"href":"https:\/\/baenderbedrucken.de\/index.php\/wp-json\/wp\/v2\/media?parent=213"}],"curies":[{"name":"wp","href":"https:\/\/api.w.org\/{rel}","templated":true}]}}