{"id":22,"date":"2021-02-01T18:20:54","date_gmt":"2021-02-01T18:20:54","guid":{"rendered":"https:\/\/baenderbedrucken.de\/?page_id=22"},"modified":"2025-02-03T12:38:10","modified_gmt":"2025-02-03T12:38:10","slug":"satinbander-plus-premium","status":"publish","type":"page","link":"https:\/\/baenderbedrucken.de\/index.php\/satinbander-plus-premium\/","title":{"rendered":"Werbeband Druckvisualisierung"},"content":{"rendered":"<h1>Werbeband (satinband, ripsband) &#8211; Projekt<\/h1>\n<p>Sende uns die Richtlinien f\u00fcr das Projekt und wir bereiten das Projekt kostenlos f\u00fcr dich vor. Sende das Logo in einer Vektorgrafik und gib die Farbe gem\u00e4\u00df CMYK- oder Pantone-Palette an. <strong><br \/>\n<\/strong>Wenn du das Projekt selbst vorbereiten m\u00f6chtest, bereite eine Datei im Format eps, ai, cdr, pdf oder svg vor. Oder du kannst eine Vorlage des aufgedruckten Bandes herunterladen.<\/p>\n<p><img loading=\"lazy\" decoding=\"async\" class=\"alignnone wp-image-87 \" src=\"https:\/\/baenderbedrucken.de\/wp-content\/uploads\/2021\/02\/Werbeband-Projekt.jpg\" alt=\"werbeband projekt\" width=\"646\" height=\"331\" srcset=\"https:\/\/baenderbedrucken.de\/wp-content\/uploads\/2021\/02\/Werbeband-Projekt.jpg 916w, https:\/\/baenderbedrucken.de\/wp-content\/uploads\/2021\/02\/Werbeband-Projekt-300x154.jpg 300w, https:\/\/baenderbedrucken.de\/wp-content\/uploads\/2021\/02\/Werbeband-Projekt-768x394.jpg 768w\" sizes=\"auto, (max-width: 646px) 100vw, 646px\" \/><\/p>\n<p>&nbsp;<\/p>\n<p><strong>Sonstige Projektinformationen<br \/>\n<\/strong>Die Aufschrift sollte \u00fcber 1,5 mm betragen, damit sie nach dem Drucken lesbar ist.<\/p>\n<p>Das Band kann entweder einseitig oder zweiseitig gef\u00e4rbt werden. Bei einseitiger F\u00e4rbung ist die andere Seite wei\u00df. Bei der zweiseitigen F\u00e4rbung werden beide Seiten entsprechend der von dir gew\u00e4hlten Farbe gef\u00e4rbt.<\/p>\n<p>Wenn du die Farbnummer nicht kennst (laut Pantone oder CMYK), w\u00e4hl eine der auf unserer Website verf\u00fcgbaren Farben aus (Fotos von B\u00e4ndern) oder gib eine ungef\u00e4hre Farbe an. Wir werden einen Testdruck des Bandes sicherheitshalber f\u00fcr dich erstellen.\u00a0 Die Anzahl der Druckfarben hat keinen Einfluss auf den Preis, weil wir in Vollfarbtechnologie drucken.<\/p>\n<p><strong><span class=\"VIiyi\" lang=\"de\"><span class=\"JLqJ4b ChMk0b\" data-language-for-alternatives=\"de\" data-language-to-translate-into=\"pl\" data-phrase-index=\"0\">Design kostenlos<\/span><\/span><\/strong><\/p>\n","protected":false},"excerpt":{"rendered":"<p>Werbeband (satinband, ripsband) &#8211; Projekt Sende uns die Richtlinien f\u00fcr das Projekt und wir bereiten das Projekt kostenlos f\u00fcr dich vor. Sende das Logo in&hellip;<\/p>\n","protected":false},"author":1,"featured_media":0,"parent":0,"menu_order":0,"comment_status":"closed","ping_status":"closed","template":"","meta":{"footnotes":""},"class_list":["post-22","page","type-page","status-publish","hentry"],"yoast_head":"<!-- This site is optimized with the Yoast SEO plugin v27.0 - https:\/\/yoast.com\/product\/yoast-seo-wordpress\/ -->\n<title>Werbeband Druckvisualisierung - BaenderBedrucken.de - Geschenkb\u00e4nder mit Logo<\/title>\n<meta name=\"robots\" content=\"index, follow, max-snippet:-1, max-image-preview:large, max-video-preview:-1\" \/>\n<link rel=\"canonical\" href=\"https:\/\/baenderbedrucken.de\/index.php\/satinbander-plus-premium\/\" \/>\n<meta property=\"og:locale\" content=\"de_DE\" \/>\n<meta property=\"og:type\" content=\"article\" \/>\n<meta property=\"og:title\" content=\"Werbeband Druckvisualisierung - BaenderBedrucken.de - Geschenkb\u00e4nder mit Logo\" \/>\n<meta property=\"og:description\" content=\"Werbeband (satinband, ripsband) &#8211; Projekt Sende uns die Richtlinien f\u00fcr das Projekt und wir bereiten das Projekt kostenlos f\u00fcr dich vor. Sende das Logo in&hellip;\" \/>\n<meta property=\"og:url\" content=\"https:\/\/baenderbedrucken.de\/index.php\/satinbander-plus-premium\/\" \/>\n<meta property=\"og:site_name\" content=\"BaenderBedrucken.de - Geschenkb\u00e4nder mit Logo\" \/>\n<meta property=\"article:publisher\" content=\"https:\/\/www.facebook.com\/baenderbedrucken\/\" \/>\n<meta property=\"article:modified_time\" content=\"2025-02-03T12:38:10+00:00\" \/>\n<meta property=\"og:image\" content=\"https:\/\/baenderbedrucken.de\/wp-content\/uploads\/2021\/02\/Werbeband-Projekt.jpg\" \/>\n\t<meta property=\"og:image:width\" content=\"916\" \/>\n\t<meta property=\"og:image:height\" content=\"470\" \/>\n\t<meta property=\"og:image:type\" content=\"image\/jpeg\" \/>\n<meta name=\"twitter:card\" content=\"summary_large_image\" \/>\n<meta name=\"twitter:label1\" content=\"Gesch\u00e4tzte Lesezeit\" \/>\n\t<meta name=\"twitter:data1\" content=\"2\u00a0Minuten\" \/>\n<script type=\"application\/ld+json\" class=\"yoast-schema-graph\">{\"@context\":\"https:\/\/schema.org\",\"@graph\":[{\"@type\":\"WebPage\",\"@id\":\"https:\/\/baenderbedrucken.de\/index.php\/satinbander-plus-premium\/\",\"url\":\"https:\/\/baenderbedrucken.de\/index.php\/satinbander-plus-premium\/\",\"name\":\"Werbeband Druckvisualisierung - BaenderBedrucken.de - Geschenkb\u00e4nder mit Logo\",\"isPartOf\":{\"@id\":\"https:\/\/baenderbedrucken.de\/#website\"},\"primaryImageOfPage\":{\"@id\":\"https:\/\/baenderbedrucken.de\/index.php\/satinbander-plus-premium\/#primaryimage\"},\"image\":{\"@id\":\"https:\/\/baenderbedrucken.de\/index.php\/satinbander-plus-premium\/#primaryimage\"},\"thumbnailUrl\":\"https:\/\/baenderbedrucken.de\/wp-content\/uploads\/2021\/02\/Werbeband-Projekt.jpg\",\"datePublished\":\"2021-02-01T18:20:54+00:00\",\"dateModified\":\"2025-02-03T12:38:10+00:00\",\"breadcrumb\":{\"@id\":\"https:\/\/baenderbedrucken.de\/index.php\/satinbander-plus-premium\/#breadcrumb\"},\"inLanguage\":\"de\",\"potentialAction\":[{\"@type\":\"ReadAction\",\"target\":[\"https:\/\/baenderbedrucken.de\/index.php\/satinbander-plus-premium\/\"]}]},{\"@type\":\"ImageObject\",\"inLanguage\":\"de\",\"@id\":\"https:\/\/baenderbedrucken.de\/index.php\/satinbander-plus-premium\/#primaryimage\",\"url\":\"https:\/\/baenderbedrucken.de\/wp-content\/uploads\/2021\/02\/Werbeband-Projekt.jpg\",\"contentUrl\":\"https:\/\/baenderbedrucken.de\/wp-content\/uploads\/2021\/02\/Werbeband-Projekt.jpg\",\"width\":916,\"height\":470,\"caption\":\"werbeband projekt\"},{\"@type\":\"BreadcrumbList\",\"@id\":\"https:\/\/baenderbedrucken.de\/index.php\/satinbander-plus-premium\/#breadcrumb\",\"itemListElement\":[{\"@type\":\"ListItem\",\"position\":1,\"name\":\"Home\",\"item\":\"https:\/\/baenderbedrucken.de\/\"},{\"@type\":\"ListItem\",\"position\":2,\"name\":\"Werbeband Druckvisualisierung\"}]},{\"@type\":\"WebSite\",\"@id\":\"https:\/\/baenderbedrucken.de\/#website\",\"url\":\"https:\/\/baenderbedrucken.de\/\",\"name\":\"BaenderBedrucken.de - Geschenkb\u00e4nder mit Logo\",\"description\":\"Satinband bedrucken\",\"publisher\":{\"@id\":\"https:\/\/baenderbedrucken.de\/#organization\"},\"potentialAction\":[{\"@type\":\"SearchAction\",\"target\":{\"@type\":\"EntryPoint\",\"urlTemplate\":\"https:\/\/baenderbedrucken.de\/?s={search_term_string}\"},\"query-input\":{\"@type\":\"PropertyValueSpecification\",\"valueRequired\":true,\"valueName\":\"search_term_string\"}}],\"inLanguage\":\"de\"},{\"@type\":\"Organization\",\"@id\":\"https:\/\/baenderbedrucken.de\/#organization\",\"name\":\"BaenderBedrucken.de - Geschenkb\u00e4nder mit Logo\",\"url\":\"https:\/\/baenderbedrucken.de\/\",\"logo\":{\"@type\":\"ImageObject\",\"inLanguage\":\"de\",\"@id\":\"https:\/\/baenderbedrucken.de\/#\/schema\/logo\/image\/\",\"url\":\"https:\/\/baenderbedrucken.de\/wp-content\/uploads\/2021\/02\/cropped-GESCHENKBANDER-1.gif\",\"contentUrl\":\"https:\/\/baenderbedrucken.de\/wp-content\/uploads\/2021\/02\/cropped-GESCHENKBANDER-1.gif\",\"width\":731,\"height\":163,\"caption\":\"BaenderBedrucken.de - Geschenkb\u00e4nder mit Logo\"},\"image\":{\"@id\":\"https:\/\/baenderbedrucken.de\/#\/schema\/logo\/image\/\"},\"sameAs\":[\"https:\/\/www.facebook.com\/baenderbedrucken\/\"]}]}<\/script>\n<!-- \/ Yoast SEO plugin. -->","yoast_head_json":{"title":"Werbeband Druckvisualisierung - BaenderBedrucken.de - Geschenkb\u00e4nder mit Logo","robots":{"index":"index","follow":"follow","max-snippet":"max-snippet:-1","max-image-preview":"max-image-preview:large","max-video-preview":"max-video-preview:-1"},"canonical":"https:\/\/baenderbedrucken.de\/index.php\/satinbander-plus-premium\/","og_locale":"de_DE","og_type":"article","og_title":"Werbeband Druckvisualisierung - BaenderBedrucken.de - Geschenkb\u00e4nder mit Logo","og_description":"Werbeband (satinband, ripsband) &#8211; Projekt Sende uns die Richtlinien f\u00fcr das Projekt und wir bereiten das Projekt kostenlos f\u00fcr dich vor. Sende das Logo in&hellip;","og_url":"https:\/\/baenderbedrucken.de\/index.php\/satinbander-plus-premium\/","og_site_name":"BaenderBedrucken.de - Geschenkb\u00e4nder mit Logo","article_publisher":"https:\/\/www.facebook.com\/baenderbedrucken\/","article_modified_time":"2025-02-03T12:38:10+00:00","og_image":[{"width":916,"height":470,"url":"https:\/\/baenderbedrucken.de\/wp-content\/uploads\/2021\/02\/Werbeband-Projekt.jpg","type":"image\/jpeg"}],"twitter_card":"summary_large_image","twitter_misc":{"Gesch\u00e4tzte Lesezeit":"2\u00a0Minuten"},"schema":{"@context":"https:\/\/schema.org","@graph":[{"@type":"WebPage","@id":"https:\/\/baenderbedrucken.de\/index.php\/satinbander-plus-premium\/","url":"https:\/\/baenderbedrucken.de\/index.php\/satinbander-plus-premium\/","name":"Werbeband Druckvisualisierung - BaenderBedrucken.de - Geschenkb\u00e4nder mit Logo","isPartOf":{"@id":"https:\/\/baenderbedrucken.de\/#website"},"primaryImageOfPage":{"@id":"https:\/\/baenderbedrucken.de\/index.php\/satinbander-plus-premium\/#primaryimage"},"image":{"@id":"https:\/\/baenderbedrucken.de\/index.php\/satinbander-plus-premium\/#primaryimage"},"thumbnailUrl":"https:\/\/baenderbedrucken.de\/wp-content\/uploads\/2021\/02\/Werbeband-Projekt.jpg","datePublished":"2021-02-01T18:20:54+00:00","dateModified":"2025-02-03T12:38:10+00:00","breadcrumb":{"@id":"https:\/\/baenderbedrucken.de\/index.php\/satinbander-plus-premium\/#breadcrumb"},"inLanguage":"de","potentialAction":[{"@type":"ReadAction","target":["https:\/\/baenderbedrucken.de\/index.php\/satinbander-plus-premium\/"]}]},{"@type":"ImageObject","inLanguage":"de","@id":"https:\/\/baenderbedrucken.de\/index.php\/satinbander-plus-premium\/#primaryimage","url":"https:\/\/baenderbedrucken.de\/wp-content\/uploads\/2021\/02\/Werbeband-Projekt.jpg","contentUrl":"https:\/\/baenderbedrucken.de\/wp-content\/uploads\/2021\/02\/Werbeband-Projekt.jpg","width":916,"height":470,"caption":"werbeband projekt"},{"@type":"BreadcrumbList","@id":"https:\/\/baenderbedrucken.de\/index.php\/satinbander-plus-premium\/#breadcrumb","itemListElement":[{"@type":"ListItem","position":1,"name":"Home","item":"https:\/\/baenderbedrucken.de\/"},{"@type":"ListItem","position":2,"name":"Werbeband Druckvisualisierung"}]},{"@type":"WebSite","@id":"https:\/\/baenderbedrucken.de\/#website","url":"https:\/\/baenderbedrucken.de\/","name":"BaenderBedrucken.de - Geschenkb\u00e4nder mit Logo","description":"Satinband bedrucken","publisher":{"@id":"https:\/\/baenderbedrucken.de\/#organization"},"potentialAction":[{"@type":"SearchAction","target":{"@type":"EntryPoint","urlTemplate":"https:\/\/baenderbedrucken.de\/?s={search_term_string}"},"query-input":{"@type":"PropertyValueSpecification","valueRequired":true,"valueName":"search_term_string"}}],"inLanguage":"de"},{"@type":"Organization","@id":"https:\/\/baenderbedrucken.de\/#organization","name":"BaenderBedrucken.de - Geschenkb\u00e4nder mit Logo","url":"https:\/\/baenderbedrucken.de\/","logo":{"@type":"ImageObject","inLanguage":"de","@id":"https:\/\/baenderbedrucken.de\/#\/schema\/logo\/image\/","url":"https:\/\/baenderbedrucken.de\/wp-content\/uploads\/2021\/02\/cropped-GESCHENKBANDER-1.gif","contentUrl":"https:\/\/baenderbedrucken.de\/wp-content\/uploads\/2021\/02\/cropped-GESCHENKBANDER-1.gif","width":731,"height":163,"caption":"BaenderBedrucken.de - Geschenkb\u00e4nder mit Logo"},"image":{"@id":"https:\/\/baenderbedrucken.de\/#\/schema\/logo\/image\/"},"sameAs":["https:\/\/www.facebook.com\/baenderbedrucken\/"]}]}},"_links":{"self":[{"href":"https:\/\/baenderbedrucken.de\/index.php\/wp-json\/wp\/v2\/pages\/22","targetHints":{"allow":["GET"]}}],"collection":[{"href":"https:\/\/baenderbedrucken.de\/index.php\/wp-json\/wp\/v2\/pages"}],"about":[{"href":"https:\/\/baenderbedrucken.de\/index.php\/wp-json\/wp\/v2\/types\/page"}],"author":[{"embeddable":true,"href":"https:\/\/baenderbedrucken.de\/index.php\/wp-json\/wp\/v2\/users\/1"}],"replies":[{"embeddable":true,"href":"https:\/\/baenderbedrucken.de\/index.php\/wp-json\/wp\/v2\/comments?post=22"}],"version-history":[{"count":5,"href":"https:\/\/baenderbedrucken.de\/index.php\/wp-json\/wp\/v2\/pages\/22\/revisions"}],"predecessor-version":[{"id":88,"href":"https:\/\/baenderbedrucken.de\/index.php\/wp-json\/wp\/v2\/pages\/22\/revisions\/88"}],"wp:attachment":[{"href":"https:\/\/baenderbedrucken.de\/index.php\/wp-json\/wp\/v2\/media?parent=22"}],"curies":[{"name":"wp","href":"https:\/\/api.w.org\/{rel}","templated":true}]}}