{"id":301,"date":"2025-05-05T20:10:37","date_gmt":"2025-05-05T20:10:37","guid":{"rendered":"https:\/\/baenderbedrucken.de\/?page_id=301"},"modified":"2025-05-05T20:12:47","modified_gmt":"2025-05-05T20:12:47","slug":"werbebander-haufig-gestellte-fragen","status":"publish","type":"page","link":"https:\/\/baenderbedrucken.de\/index.php\/werbebander-haufig-gestellte-fragen\/","title":{"rendered":"Werbeb\u00e4nder \u2013 h\u00e4ufig gestellte Fragen"},"content":{"rendered":"<h1>Die zum Thema der Werbeb\u00e4nder mit Aufdruck h\u00e4ufig gestellten Fragen<\/h1>\n<p><a href=\"https:\/\/baenderbedrucken.de\/\"><img loading=\"lazy\" decoding=\"async\" class=\"alignnone wp-image-113 \" src=\"https:\/\/baenderbedrucken.de\/wp-content\/uploads\/2021\/03\/geschenke_bander.jpg\" alt=\"Werbeb\u00e4nder mit Aufdruck\" width=\"179\" height=\"264\" srcset=\"https:\/\/baenderbedrucken.de\/wp-content\/uploads\/2021\/03\/geschenke_bander.jpg 358w, https:\/\/baenderbedrucken.de\/wp-content\/uploads\/2021\/03\/geschenke_bander-203x300.jpg 203w\" sizes=\"auto, (max-width: 179px) 100vw, 179px\" \/><\/a><\/p>\n<h2>1. Wie ist die Mindestbestellmenge f\u00fcr B\u00e4nder mit Aufdruck?<\/h2>\n<p>Die B\u00e4nder bestellst du bereits ab 25 Metern \u2013 je mehr L\u00e4nge, desto h\u00f6her jedoch der Rabatt. Die Gro\u00dfhandelspreise beginnen bei 100 Metern. Die vollst\u00e4ndige Preisliste findest du unter dem Link unten.<\/p>\n<p>&nbsp;<\/p>\n<h2>2. Wie lange dauert die Fertigung von B\u00e4ndern mit Logo?<\/h2>\n<p>Die Fertigungszeit betr\u00e4gt 2-3 Tage f\u00fcr die Express-Bestellungen und 4-5 Tage f\u00fcr Standard-Bestellungen.<\/p>\n<p>In Sonderf\u00e4llen, d.h. bei einer Bestellung von mehreren tausend Metern und in der Hochsaison (z.B. in der Vorweihnachtszeit) kann die Fertigungszeit sich noch um ein paar Tage verl\u00e4ngern. Wichtig ist, dass der Termin noch vor der Bestellung festgelegt wird, damit du sicher bist, dass die B\u00e4nder mit Logo rechtzeitig ankommen.<\/p>\n<p>&nbsp;<\/p>\n<p>Die oben genannte Fertigungszeit betrifft nicht die B\u00e4nder mit goldfarbenen Aufdruck und mit Reliefdruck, bei denen die Produktion \u00fcber 10 Tage dauert.<\/p>\n<p>&nbsp;<\/p>\n<h2>2. Was ist das schm\u00e4lste Band, das ich kaufen kann?<\/h2>\n<p>Die Breiten der B\u00e4nder beginnen mit 7 mm, weiter sind das 10 mm und 15 mm.<\/p>\n<p>Das ist das breiteste Band, das ich kaufen kann? Das breiteste Band hat eine Breite von 15 cm.<\/p>\n<p>&nbsp;<\/p>\n<h2>4. Welche Farben stehen zur Auswahl?<\/h2>\n<p>Einfach gesagt \u2013 alle. W\u00e4hle eine Farbe aus der CMYK- oder Pantone-Palette aus oder schicke uns die Farbe, die du brauchst und wir werden die Farbe an deine Bed\u00fcrfnisse anpassen. Wir verf\u00fcgen \u00fcber eine Farbmischanlage, daher sind die M\u00f6glichkeiten des Aufdrucks auf die B\u00e4nder so gut wie unbegrenzt.<\/p>\n<p>&nbsp;<\/p>\n<h2>5. Ist ein mehrfarbiges Band teurer als ein einfarbiges Band mit Aufdruck?<\/h2>\n<p>Ein mehrfarbiges Band kostet genauso viel wie ein einfarbiges Band.<\/p>\n<p>&nbsp;<\/p>\n<h2>6. Wie bestelle ich die B\u00e4nder?<\/h2>\n<p>Schicke uns einfach eine E-Mail mit der L\u00e4nge, die du brauchst und den Informationen \u00fcber das Design (Logo, Farbe usw.).<\/p>\n<p>&nbsp;<\/p>\n<h2>7. Was kann ich auf das Band drucken?<\/h2>\n<p>Es kann ein Logo, eine \u00dcberschrift, aber auch ein Grafikmuster oder sogar ein buntes Foto sein.<\/p>\n<p>&nbsp;<\/p>\n<h2>8. Was ist der Unterschied zwischen dem klassischen Satinband und einem Premium-Satinband?<\/h2>\n<p>Das Premium-Band ist dicker (h\u00f6here Grammatur) als das klassische Satinband und hat dekorative R\u00e4nder.<\/p>\n<p>&nbsp;<\/p>\n<h2>9. Wie viele laufende Meter hat eine Rolle?<\/h2>\n<p>Die Satinb\u00e4nder haben eine L\u00e4nge von 50 Metern. Auf Wunsch k\u00f6nnen wir aber auch 100 oder 150 Meter einwickeln.<\/p>\n<p>Die Premium-B\u00e4nderrollen wickeln wir mit 50 und 100 laufenden Metern.<\/p>\n<p>Und die Rips- und \u00d6kob\u00e4nder nur mit 50 Metern.<\/p>\n<h2>10. Wie kann ich sicherstellen, dass der Aufdruck so aussehen wird, wie ich es mir w\u00fcnsche?<\/h2>\n<p>Du kannst einen Testdruck anfordern. Im Falle der klassischen und Premium-Satinb\u00e4nder, Ripsb\u00e4nder und \u00d6kob\u00e4nder ist er kostenlos. Wir senden dir dann Fotos zur Freigabe.<\/p>\n<p>Du kannst auch kostenlose Muster aller Bandarten bestellen.<\/p>\n<h2>11. Wie kann ich die B\u00e4nder verwenden?<\/h2>\n<p>Unsere Kunden nutzen sie am h\u00e4ufigsten zur dekorativen Verpackung von Geschenken, aber auch zur Dekoration von Vouchers oder R\u00e4umen, auf die Messen, in die Flyer, in die Kleidungsst\u00fccke und auch als Kleidungsetikette.<\/p>\n<h2>12. Ist der Aufdruck haltbar?<\/h2>\n<p>Die klassischen und Premium-Satinb\u00e4nder, die Ripsb\u00e4nder sowie die \u00d6kob\u00e4nder bedrucken wir mit der HD-Sublimationstechnik. Dies bedeutet, dass der Aufdruck haltbar sein wird, auch unter Wirkung von Wasser, Sonne oder hohen Temperaturen. Er ist auch abriebfest. Wenn du dich \u00fcberzeugen m\u00f6chtest, wie haltbar unsere B\u00e4nder sind, bestelle kostenfreie Muster.<\/p>\n<p>&nbsp;<\/p>\n<h2>13. Welche Erfahrungen haben wir in der Fertigung von B\u00e4ndern?<\/h2>\n<p>Wir bedrucken seit 10 Jahren, wir haben bereits mehrere hunderttausend Meter B\u00e4nder f\u00fcr viele hervorragende Marken hergestellt. Die Marken, die uns vertraut haben, sind Coca Cola, Dell, Kinder, LOT, Rossmann, BBC, LIDL, Triumph, Douglas, Lexus, BMW, Continental, Ferrari, VANS, Newsweek u.v.m.<\/p>\n<h2><\/h2>\n<h2>14. Stellen wir Rechnungen mit ausgewiesener Mehrwertsteuer aus?<\/h2>\n<p>Ja, wir erstellen Rechnungen mit ausgewiesener Mehrwertsteuer. Und wenn du eine aktive EU-Umsatzsteuernummer hast, betr\u00e4gt der Mehrwertsteuersatz 0 %.<\/p>\n<p>Du kannst mit EUR bezahlen. Als Zahlungsarten sind die Bank\u00fcberweisung und PayPal (Kartenzahlung) verf\u00fcgbar. Wir versenden sie Ware an jeden Ort in Deutschland, \u00d6sterreich und in der Schweiz.<\/p>\n","protected":false},"excerpt":{"rendered":"<p>Die zum Thema der Werbeb\u00e4nder mit Aufdruck h\u00e4ufig gestellten Fragen 1. Wie ist die Mindestbestellmenge f\u00fcr B\u00e4nder mit Aufdruck? Die B\u00e4nder bestellst du bereits ab&hellip;<\/p>\n","protected":false},"author":1,"featured_media":0,"parent":0,"menu_order":0,"comment_status":"closed","ping_status":"closed","template":"","meta":{"footnotes":""},"class_list":["post-301","page","type-page","status-publish","hentry"],"yoast_head":"<!-- This site is optimized with the Yoast SEO plugin v27.0 - https:\/\/yoast.com\/product\/yoast-seo-wordpress\/ -->\n<title>Werbeb\u00e4nder \u2013 h\u00e4ufig gestellte Fragen - BaenderBedrucken.de - Geschenkb\u00e4nder mit Logo<\/title>\n<meta name=\"description\" content=\"FAQ: Werbeb\u00e4nder mit Aufdruck \u2013 Bestellung, Farben, Haltbarkeit, Lieferung nach Deutschland, \u00d6sterreich, Schweiz\" \/>\n<meta name=\"robots\" content=\"index, follow, max-snippet:-1, max-image-preview:large, max-video-preview:-1\" \/>\n<link rel=\"canonical\" href=\"https:\/\/baenderbedrucken.de\/index.php\/werbebander-haufig-gestellte-fragen\/\" \/>\n<meta property=\"og:locale\" content=\"de_DE\" \/>\n<meta property=\"og:type\" content=\"article\" \/>\n<meta property=\"og:title\" content=\"Werbeb\u00e4nder \u2013 h\u00e4ufig gestellte Fragen - BaenderBedrucken.de - Geschenkb\u00e4nder mit Logo\" \/>\n<meta property=\"og:description\" content=\"FAQ: Werbeb\u00e4nder mit Aufdruck \u2013 Bestellung, Farben, Haltbarkeit, Lieferung nach Deutschland, \u00d6sterreich, Schweiz\" \/>\n<meta property=\"og:url\" content=\"https:\/\/baenderbedrucken.de\/index.php\/werbebander-haufig-gestellte-fragen\/\" \/>\n<meta property=\"og:site_name\" content=\"BaenderBedrucken.de - Geschenkb\u00e4nder mit Logo\" \/>\n<meta property=\"article:publisher\" content=\"https:\/\/www.facebook.com\/baenderbedrucken\/\" \/>\n<meta property=\"article:modified_time\" content=\"2025-05-05T20:12:47+00:00\" \/>\n<meta property=\"og:image\" content=\"https:\/\/baenderbedrucken.de\/wp-content\/uploads\/2021\/03\/geschenke_bander.jpg\" \/>\n\t<meta property=\"og:image:width\" content=\"358\" \/>\n\t<meta property=\"og:image:height\" content=\"528\" \/>\n\t<meta property=\"og:image:type\" content=\"image\/jpeg\" \/>\n<meta name=\"twitter:card\" content=\"summary_large_image\" \/>\n<meta name=\"twitter:label1\" content=\"Gesch\u00e4tzte Lesezeit\" \/>\n\t<meta name=\"twitter:data1\" content=\"5\u00a0Minuten\" \/>\n<script type=\"application\/ld+json\" class=\"yoast-schema-graph\">{\"@context\":\"https:\/\/schema.org\",\"@graph\":[{\"@type\":\"WebPage\",\"@id\":\"https:\/\/baenderbedrucken.de\/index.php\/werbebander-haufig-gestellte-fragen\/\",\"url\":\"https:\/\/baenderbedrucken.de\/index.php\/werbebander-haufig-gestellte-fragen\/\",\"name\":\"Werbeb\u00e4nder \u2013 h\u00e4ufig gestellte Fragen - BaenderBedrucken.de - Geschenkb\u00e4nder mit Logo\",\"isPartOf\":{\"@id\":\"https:\/\/baenderbedrucken.de\/#website\"},\"primaryImageOfPage\":{\"@id\":\"https:\/\/baenderbedrucken.de\/index.php\/werbebander-haufig-gestellte-fragen\/#primaryimage\"},\"image\":{\"@id\":\"https:\/\/baenderbedrucken.de\/index.php\/werbebander-haufig-gestellte-fragen\/#primaryimage\"},\"thumbnailUrl\":\"https:\/\/baenderbedrucken.de\/wp-content\/uploads\/2021\/03\/geschenke_bander.jpg\",\"datePublished\":\"2025-05-05T20:10:37+00:00\",\"dateModified\":\"2025-05-05T20:12:47+00:00\",\"description\":\"FAQ: Werbeb\u00e4nder mit Aufdruck \u2013 Bestellung, Farben, Haltbarkeit, Lieferung nach Deutschland, \u00d6sterreich, Schweiz\",\"breadcrumb\":{\"@id\":\"https:\/\/baenderbedrucken.de\/index.php\/werbebander-haufig-gestellte-fragen\/#breadcrumb\"},\"inLanguage\":\"de\",\"potentialAction\":[{\"@type\":\"ReadAction\",\"target\":[\"https:\/\/baenderbedrucken.de\/index.php\/werbebander-haufig-gestellte-fragen\/\"]}]},{\"@type\":\"ImageObject\",\"inLanguage\":\"de\",\"@id\":\"https:\/\/baenderbedrucken.de\/index.php\/werbebander-haufig-gestellte-fragen\/#primaryimage\",\"url\":\"https:\/\/baenderbedrucken.de\/wp-content\/uploads\/2021\/03\/geschenke_bander.jpg\",\"contentUrl\":\"https:\/\/baenderbedrucken.de\/wp-content\/uploads\/2021\/03\/geschenke_bander.jpg\",\"width\":358,\"height\":528,\"caption\":\"Werbeb\u00e4nder mit Aufdruck\"},{\"@type\":\"BreadcrumbList\",\"@id\":\"https:\/\/baenderbedrucken.de\/index.php\/werbebander-haufig-gestellte-fragen\/#breadcrumb\",\"itemListElement\":[{\"@type\":\"ListItem\",\"position\":1,\"name\":\"Home\",\"item\":\"https:\/\/baenderbedrucken.de\/\"},{\"@type\":\"ListItem\",\"position\":2,\"name\":\"Werbeb\u00e4nder \u2013 h\u00e4ufig gestellte Fragen\"}]},{\"@type\":\"WebSite\",\"@id\":\"https:\/\/baenderbedrucken.de\/#website\",\"url\":\"https:\/\/baenderbedrucken.de\/\",\"name\":\"BaenderBedrucken.de - Geschenkb\u00e4nder mit Logo\",\"description\":\"Satinband bedrucken\",\"publisher\":{\"@id\":\"https:\/\/baenderbedrucken.de\/#organization\"},\"potentialAction\":[{\"@type\":\"SearchAction\",\"target\":{\"@type\":\"EntryPoint\",\"urlTemplate\":\"https:\/\/baenderbedrucken.de\/?s={search_term_string}\"},\"query-input\":{\"@type\":\"PropertyValueSpecification\",\"valueRequired\":true,\"valueName\":\"search_term_string\"}}],\"inLanguage\":\"de\"},{\"@type\":\"Organization\",\"@id\":\"https:\/\/baenderbedrucken.de\/#organization\",\"name\":\"BaenderBedrucken.de - Geschenkb\u00e4nder mit Logo\",\"url\":\"https:\/\/baenderbedrucken.de\/\",\"logo\":{\"@type\":\"ImageObject\",\"inLanguage\":\"de\",\"@id\":\"https:\/\/baenderbedrucken.de\/#\/schema\/logo\/image\/\",\"url\":\"https:\/\/baenderbedrucken.de\/wp-content\/uploads\/2021\/02\/cropped-GESCHENKBANDER-1.gif\",\"contentUrl\":\"https:\/\/baenderbedrucken.de\/wp-content\/uploads\/2021\/02\/cropped-GESCHENKBANDER-1.gif\",\"width\":731,\"height\":163,\"caption\":\"BaenderBedrucken.de - Geschenkb\u00e4nder mit Logo\"},\"image\":{\"@id\":\"https:\/\/baenderbedrucken.de\/#\/schema\/logo\/image\/\"},\"sameAs\":[\"https:\/\/www.facebook.com\/baenderbedrucken\/\"]}]}<\/script>\n<!-- \/ Yoast SEO plugin. -->","yoast_head_json":{"title":"Werbeb\u00e4nder \u2013 h\u00e4ufig gestellte Fragen - BaenderBedrucken.de - Geschenkb\u00e4nder mit Logo","description":"FAQ: Werbeb\u00e4nder mit Aufdruck \u2013 Bestellung, Farben, Haltbarkeit, Lieferung nach Deutschland, \u00d6sterreich, Schweiz","robots":{"index":"index","follow":"follow","max-snippet":"max-snippet:-1","max-image-preview":"max-image-preview:large","max-video-preview":"max-video-preview:-1"},"canonical":"https:\/\/baenderbedrucken.de\/index.php\/werbebander-haufig-gestellte-fragen\/","og_locale":"de_DE","og_type":"article","og_title":"Werbeb\u00e4nder \u2013 h\u00e4ufig gestellte Fragen - BaenderBedrucken.de - Geschenkb\u00e4nder mit Logo","og_description":"FAQ: Werbeb\u00e4nder mit Aufdruck \u2013 Bestellung, Farben, Haltbarkeit, Lieferung nach Deutschland, \u00d6sterreich, Schweiz","og_url":"https:\/\/baenderbedrucken.de\/index.php\/werbebander-haufig-gestellte-fragen\/","og_site_name":"BaenderBedrucken.de - Geschenkb\u00e4nder mit Logo","article_publisher":"https:\/\/www.facebook.com\/baenderbedrucken\/","article_modified_time":"2025-05-05T20:12:47+00:00","og_image":[{"width":358,"height":528,"url":"https:\/\/baenderbedrucken.de\/wp-content\/uploads\/2021\/03\/geschenke_bander.jpg","type":"image\/jpeg"}],"twitter_card":"summary_large_image","twitter_misc":{"Gesch\u00e4tzte Lesezeit":"5\u00a0Minuten"},"schema":{"@context":"https:\/\/schema.org","@graph":[{"@type":"WebPage","@id":"https:\/\/baenderbedrucken.de\/index.php\/werbebander-haufig-gestellte-fragen\/","url":"https:\/\/baenderbedrucken.de\/index.php\/werbebander-haufig-gestellte-fragen\/","name":"Werbeb\u00e4nder \u2013 h\u00e4ufig gestellte Fragen - BaenderBedrucken.de - Geschenkb\u00e4nder mit Logo","isPartOf":{"@id":"https:\/\/baenderbedrucken.de\/#website"},"primaryImageOfPage":{"@id":"https:\/\/baenderbedrucken.de\/index.php\/werbebander-haufig-gestellte-fragen\/#primaryimage"},"image":{"@id":"https:\/\/baenderbedrucken.de\/index.php\/werbebander-haufig-gestellte-fragen\/#primaryimage"},"thumbnailUrl":"https:\/\/baenderbedrucken.de\/wp-content\/uploads\/2021\/03\/geschenke_bander.jpg","datePublished":"2025-05-05T20:10:37+00:00","dateModified":"2025-05-05T20:12:47+00:00","description":"FAQ: Werbeb\u00e4nder mit Aufdruck \u2013 Bestellung, Farben, Haltbarkeit, Lieferung nach Deutschland, \u00d6sterreich, Schweiz","breadcrumb":{"@id":"https:\/\/baenderbedrucken.de\/index.php\/werbebander-haufig-gestellte-fragen\/#breadcrumb"},"inLanguage":"de","potentialAction":[{"@type":"ReadAction","target":["https:\/\/baenderbedrucken.de\/index.php\/werbebander-haufig-gestellte-fragen\/"]}]},{"@type":"ImageObject","inLanguage":"de","@id":"https:\/\/baenderbedrucken.de\/index.php\/werbebander-haufig-gestellte-fragen\/#primaryimage","url":"https:\/\/baenderbedrucken.de\/wp-content\/uploads\/2021\/03\/geschenke_bander.jpg","contentUrl":"https:\/\/baenderbedrucken.de\/wp-content\/uploads\/2021\/03\/geschenke_bander.jpg","width":358,"height":528,"caption":"Werbeb\u00e4nder mit Aufdruck"},{"@type":"BreadcrumbList","@id":"https:\/\/baenderbedrucken.de\/index.php\/werbebander-haufig-gestellte-fragen\/#breadcrumb","itemListElement":[{"@type":"ListItem","position":1,"name":"Home","item":"https:\/\/baenderbedrucken.de\/"},{"@type":"ListItem","position":2,"name":"Werbeb\u00e4nder \u2013 h\u00e4ufig gestellte Fragen"}]},{"@type":"WebSite","@id":"https:\/\/baenderbedrucken.de\/#website","url":"https:\/\/baenderbedrucken.de\/","name":"BaenderBedrucken.de - Geschenkb\u00e4nder mit Logo","description":"Satinband bedrucken","publisher":{"@id":"https:\/\/baenderbedrucken.de\/#organization"},"potentialAction":[{"@type":"SearchAction","target":{"@type":"EntryPoint","urlTemplate":"https:\/\/baenderbedrucken.de\/?s={search_term_string}"},"query-input":{"@type":"PropertyValueSpecification","valueRequired":true,"valueName":"search_term_string"}}],"inLanguage":"de"},{"@type":"Organization","@id":"https:\/\/baenderbedrucken.de\/#organization","name":"BaenderBedrucken.de - Geschenkb\u00e4nder mit Logo","url":"https:\/\/baenderbedrucken.de\/","logo":{"@type":"ImageObject","inLanguage":"de","@id":"https:\/\/baenderbedrucken.de\/#\/schema\/logo\/image\/","url":"https:\/\/baenderbedrucken.de\/wp-content\/uploads\/2021\/02\/cropped-GESCHENKBANDER-1.gif","contentUrl":"https:\/\/baenderbedrucken.de\/wp-content\/uploads\/2021\/02\/cropped-GESCHENKBANDER-1.gif","width":731,"height":163,"caption":"BaenderBedrucken.de - Geschenkb\u00e4nder mit Logo"},"image":{"@id":"https:\/\/baenderbedrucken.de\/#\/schema\/logo\/image\/"},"sameAs":["https:\/\/www.facebook.com\/baenderbedrucken\/"]}]}},"_links":{"self":[{"href":"https:\/\/baenderbedrucken.de\/index.php\/wp-json\/wp\/v2\/pages\/301","targetHints":{"allow":["GET"]}}],"collection":[{"href":"https:\/\/baenderbedrucken.de\/index.php\/wp-json\/wp\/v2\/pages"}],"about":[{"href":"https:\/\/baenderbedrucken.de\/index.php\/wp-json\/wp\/v2\/types\/page"}],"author":[{"embeddable":true,"href":"https:\/\/baenderbedrucken.de\/index.php\/wp-json\/wp\/v2\/users\/1"}],"replies":[{"embeddable":true,"href":"https:\/\/baenderbedrucken.de\/index.php\/wp-json\/wp\/v2\/comments?post=301"}],"version-history":[{"count":3,"href":"https:\/\/baenderbedrucken.de\/index.php\/wp-json\/wp\/v2\/pages\/301\/revisions"}],"predecessor-version":[{"id":305,"href":"https:\/\/baenderbedrucken.de\/index.php\/wp-json\/wp\/v2\/pages\/301\/revisions\/305"}],"wp:attachment":[{"href":"https:\/\/baenderbedrucken.de\/index.php\/wp-json\/wp\/v2\/media?parent=301"}],"curies":[{"name":"wp","href":"https:\/\/api.w.org\/{rel}","templated":true}]}}