{"id":326,"date":"2026-01-19T10:47:56","date_gmt":"2026-01-19T10:47:56","guid":{"rendered":"https:\/\/baenderbedrucken.de\/?page_id=326"},"modified":"2026-01-19T10:50:04","modified_gmt":"2026-01-19T10:50:04","slug":"bander-mit-erhabenem-3d-logo","status":"publish","type":"page","link":"https:\/\/baenderbedrucken.de\/index.php\/bander-mit-erhabenem-3d-logo\/","title":{"rendered":"B\u00e4nder mit Erhabenem 3D-Logo"},"content":{"rendered":"<h1>B\u00e4nder mit goldfarbenem Aufdruck 3d<\/h1>\n<p>B\u00e4nder Gold Glanz \u2013 Satinb\u00e4nder mit elegantem Hei\u00dfpr\u00e4gedruck<\/p>\n<p>B\u00e4nder mit goldfarbenem gl\u00e4nzendem Aufdruck sind eine ideale Wahl, wenn du einen eleganten Zusatz zu Premium-Verpackungen, -Geschenken oder Produkten suchst. Dank der Hei\u00dfpr\u00e4getechnik erzeugen wir einen Effekt eines metallischen Aufdrucks in Farben Gold oder Silber, der gl\u00e4nzt und die Aufmerksamkeit anzieht. Eine solche Markierungsform eignet sich perfekt f\u00fcr Werbe-, Hochzeits-, Kosmetik- und Schmuckmaterialien.<\/p>\n<p><img loading=\"lazy\" decoding=\"async\" class=\"alignnone size-medium wp-image-327\" src=\"https:\/\/baenderbedrucken.de\/wp-content\/uploads\/2026\/01\/Satinband-mit-erhabenem-3D-Druck-300x169.jpg\" alt=\"Satinband mit erhabenem 3D-Druck\" width=\"300\" height=\"169\" srcset=\"https:\/\/baenderbedrucken.de\/wp-content\/uploads\/2026\/01\/Satinband-mit-erhabenem-3D-Druck-300x169.jpg 300w, https:\/\/baenderbedrucken.de\/wp-content\/uploads\/2026\/01\/Satinband-mit-erhabenem-3D-Druck-768x432.jpg 768w, https:\/\/baenderbedrucken.de\/wp-content\/uploads\/2026\/01\/Satinband-mit-erhabenem-3D-Druck.jpg 1024w\" sizes=\"auto, (max-width: 300px) 100vw, 300px\" \/><\/p>\n<h2>Wodurch zeichnen sich die B\u00e4nder mit goldfarbenem gl\u00e4nzendem Aufdruck aus?<\/h2>\n<p>Erstens wird der Aufdruck nicht mit Farbe erzeugt, sondern mit einer metallisierten Folie thermisch gepr\u00e4gt. 3d<\/p>\n<p>Zweitens sieht der gl\u00e4nzende goldfarbene Effekt mit klassischen Farben im Hintergrund besonders gut aus.<\/p>\n<p>So entsteht ein haltbarer und exklusiver Aufdruck von hoher Qualit\u00e4t.<\/p>\n<p><img loading=\"lazy\" decoding=\"async\" class=\"alignnone wp-image-334 \" src=\"https:\/\/baenderbedrucken.de\/wp-content\/uploads\/2026\/01\/geschenkband-3d-aufdruck.jpg\" alt=\"geschenkband-3d-aufdruck\" width=\"564\" height=\"432\" srcset=\"https:\/\/baenderbedrucken.de\/wp-content\/uploads\/2026\/01\/geschenkband-3d-aufdruck.jpg 1255w, https:\/\/baenderbedrucken.de\/wp-content\/uploads\/2026\/01\/geschenkband-3d-aufdruck-300x230.jpg 300w, https:\/\/baenderbedrucken.de\/wp-content\/uploads\/2026\/01\/geschenkband-3d-aufdruck-1024x784.jpg 1024w, https:\/\/baenderbedrucken.de\/wp-content\/uploads\/2026\/01\/geschenkband-3d-aufdruck-768x588.jpg 768w\" sizes=\"auto, (max-width: 564px) 100vw, 564px\" \/><\/p>\n<h2>Du kannst die B\u00e4nder 3d in folgenden Breiten bestellen:<\/h2>\n<p>10 mm, 15 mm, 20 mm und 25 mm.<\/p>\n<p><strong>H\u00e4ufig ausgew\u00e4hlte Hintergrundfarben<\/strong>: schwarz, wei\u00df, rot und beige.<br \/>\nAu\u00dferdem kannst du eine andere Farbe aus unserer Farbpalette w\u00e4hlen \u2013 siehe Bild unten.<\/p>\n<p><img loading=\"lazy\" decoding=\"async\" class=\"alignnone wp-image-328 size-medium\" src=\"https:\/\/baenderbedrucken.de\/wp-content\/uploads\/2026\/01\/Satinbaender-3d-Druck-\u2013-Farbmuster-225x300.jpg\" alt=\"B\u00e4nder mit goldenem, erhabenem Druck \u2013 Farben zur Auswahl\" width=\"225\" height=\"300\" srcset=\"https:\/\/baenderbedrucken.de\/wp-content\/uploads\/2026\/01\/Satinbaender-3d-Druck-\u2013-Farbmuster-225x300.jpg 225w, https:\/\/baenderbedrucken.de\/wp-content\/uploads\/2026\/01\/Satinbaender-3d-Druck-\u2013-Farbmuster-768x1024.jpg 768w, https:\/\/baenderbedrucken.de\/wp-content\/uploads\/2026\/01\/Satinbaender-3d-Druck-\u2013-Farbmuster-1152x1536.jpg 1152w, https:\/\/baenderbedrucken.de\/wp-content\/uploads\/2026\/01\/Satinbaender-3d-Druck-\u2013-Farbmuster.jpg 1462w\" sizes=\"auto, (max-width: 225px) 100vw, 225px\" \/> <img loading=\"lazy\" decoding=\"async\" class=\"alignnone wp-image-329 size-medium\" src=\"https:\/\/baenderbedrucken.de\/wp-content\/uploads\/2026\/01\/Satinbaender-mit-erhabenem-Druck-\u2013-Farbmuster-230x300.jpg\" alt=\"B\u00e4nder mit goldenem, erhabenem Druck \u2013 Farben zur Auswahl\" width=\"230\" height=\"300\" srcset=\"https:\/\/baenderbedrucken.de\/wp-content\/uploads\/2026\/01\/Satinbaender-mit-erhabenem-Druck-\u2013-Farbmuster-230x300.jpg 230w, https:\/\/baenderbedrucken.de\/wp-content\/uploads\/2026\/01\/Satinbaender-mit-erhabenem-Druck-\u2013-Farbmuster-787x1024.jpg 787w, https:\/\/baenderbedrucken.de\/wp-content\/uploads\/2026\/01\/Satinbaender-mit-erhabenem-Druck-\u2013-Farbmuster-768x1000.jpg 768w, https:\/\/baenderbedrucken.de\/wp-content\/uploads\/2026\/01\/Satinbaender-mit-erhabenem-Druck-\u2013-Farbmuster-1180x1536.jpg 1180w, https:\/\/baenderbedrucken.de\/wp-content\/uploads\/2026\/01\/Satinbaender-mit-erhabenem-Druck-\u2013-Farbmuster.jpg 1223w\" sizes=\"auto, (max-width: 230px) 100vw, 230px\" \/> <img loading=\"lazy\" decoding=\"async\" class=\"alignnone wp-image-330 size-medium\" src=\"https:\/\/baenderbedrucken.de\/wp-content\/uploads\/2026\/01\/Satinband-mit-erhabenem-Druck-\u2013-Farbmuster-225x300.jpg\" alt=\"B\u00e4nder mit goldenem, erhabenem Druck \u2013 Farben zur Auswahl\" width=\"225\" height=\"300\" srcset=\"https:\/\/baenderbedrucken.de\/wp-content\/uploads\/2026\/01\/Satinband-mit-erhabenem-Druck-\u2013-Farbmuster-225x300.jpg 225w, https:\/\/baenderbedrucken.de\/wp-content\/uploads\/2026\/01\/Satinband-mit-erhabenem-Druck-\u2013-Farbmuster-768x1024.jpg 768w, https:\/\/baenderbedrucken.de\/wp-content\/uploads\/2026\/01\/Satinband-mit-erhabenem-Druck-\u2013-Farbmuster-1152x1536.jpg 1152w, https:\/\/baenderbedrucken.de\/wp-content\/uploads\/2026\/01\/Satinband-mit-erhabenem-Druck-\u2013-Farbmuster-1536x2048.jpg 1536w, https:\/\/baenderbedrucken.de\/wp-content\/uploads\/2026\/01\/Satinband-mit-erhabenem-Druck-\u2013-Farbmuster.jpg 1810w\" sizes=\"auto, (max-width: 225px) 100vw, 225px\" \/><\/p>\n<h2>Details zur Abwicklung<\/h2>\n<p>\u2728 Aufdrucktechnik: Hei\u00dfpr\u00e4gen (Hot Stamping) \u2013 gold- oder silberfarben, gl\u00e4nzend<\/p>\n<p>\ud83c\udfa8 Hintergrundfarbe: Standard oder aus der Palette<\/p>\n<p>\ud83d\udccf Breiten: 10, 15, 20, 25 mm<\/p>\n<p>\ud83d\udce6 mindestfertigungsmenge: 400 Meter<\/p>\n<p>\u23f1\ufe0f Bearbeitungszeit: 7\u201314 Werktage<\/p>\n<h2>\ud83d\uded2 Wie bestelle ich B\u00e4nder mit Hei\u00dfpr\u00e4gedruck?<\/h2>\n<p>Die Bestellung der B\u00e4nder mit gold- oder silberfarbenem Aufdruck ist sehr einfach.<\/p>\n<p>Schicke uns einfach eine <a href=\"https:\/\/baenderbedrucken.de\/index.php\/kontakt-bander-werbe\/\">E-Mail mit<\/a> folgenden Informationen:<\/p>\n","protected":false},"excerpt":{"rendered":"<p>B\u00e4nder mit goldfarbenem Aufdruck 3d B\u00e4nder Gold Glanz \u2013 Satinb\u00e4nder mit elegantem Hei\u00dfpr\u00e4gedruck B\u00e4nder mit goldfarbenem gl\u00e4nzendem Aufdruck sind eine ideale Wahl, wenn du einen&hellip;<\/p>\n","protected":false},"author":1,"featured_media":0,"parent":0,"menu_order":0,"comment_status":"closed","ping_status":"closed","template":"","meta":{"footnotes":""},"class_list":["post-326","page","type-page","status-publish","hentry"],"yoast_head":"<!-- This site is optimized with the Yoast SEO plugin v27.0 - https:\/\/yoast.com\/product\/yoast-seo-wordpress\/ -->\n<title>B\u00e4nder mit Erhabenem 3D-Logo - BaenderBedrucken.de - Geschenkb\u00e4nder mit Logo<\/title>\n<meta name=\"robots\" content=\"index, follow, max-snippet:-1, max-image-preview:large, max-video-preview:-1\" \/>\n<link rel=\"canonical\" href=\"https:\/\/baenderbedrucken.de\/index.php\/bander-mit-erhabenem-3d-logo\/\" \/>\n<meta property=\"og:locale\" content=\"de_DE\" \/>\n<meta property=\"og:type\" content=\"article\" \/>\n<meta property=\"og:title\" content=\"B\u00e4nder mit Erhabenem 3D-Logo - BaenderBedrucken.de - Geschenkb\u00e4nder mit Logo\" \/>\n<meta property=\"og:description\" content=\"B\u00e4nder mit goldfarbenem Aufdruck 3d B\u00e4nder Gold Glanz \u2013 Satinb\u00e4nder mit elegantem Hei\u00dfpr\u00e4gedruck B\u00e4nder mit goldfarbenem gl\u00e4nzendem Aufdruck sind eine ideale Wahl, wenn du einen&hellip;\" \/>\n<meta property=\"og:url\" content=\"https:\/\/baenderbedrucken.de\/index.php\/bander-mit-erhabenem-3d-logo\/\" \/>\n<meta property=\"og:site_name\" content=\"BaenderBedrucken.de - Geschenkb\u00e4nder mit Logo\" \/>\n<meta property=\"article:publisher\" content=\"https:\/\/www.facebook.com\/baenderbedrucken\/\" \/>\n<meta property=\"article:modified_time\" content=\"2026-01-19T10:50:04+00:00\" \/>\n<meta property=\"og:image\" content=\"https:\/\/baenderbedrucken.de\/wp-content\/uploads\/2026\/01\/Satinband-mit-erhabenem-3D-Druck.jpg\" \/>\n\t<meta property=\"og:image:width\" content=\"1024\" \/>\n\t<meta property=\"og:image:height\" content=\"576\" \/>\n\t<meta property=\"og:image:type\" content=\"image\/jpeg\" \/>\n<meta name=\"twitter:card\" content=\"summary_large_image\" \/>\n<meta name=\"twitter:label1\" content=\"Gesch\u00e4tzte Lesezeit\" \/>\n\t<meta name=\"twitter:data1\" content=\"3\u00a0Minuten\" \/>\n<script type=\"application\/ld+json\" class=\"yoast-schema-graph\">{\"@context\":\"https:\/\/schema.org\",\"@graph\":[{\"@type\":\"WebPage\",\"@id\":\"https:\/\/baenderbedrucken.de\/index.php\/bander-mit-erhabenem-3d-logo\/\",\"url\":\"https:\/\/baenderbedrucken.de\/index.php\/bander-mit-erhabenem-3d-logo\/\",\"name\":\"B\u00e4nder mit Erhabenem 3D-Logo - BaenderBedrucken.de - Geschenkb\u00e4nder mit Logo\",\"isPartOf\":{\"@id\":\"https:\/\/baenderbedrucken.de\/#website\"},\"primaryImageOfPage\":{\"@id\":\"https:\/\/baenderbedrucken.de\/index.php\/bander-mit-erhabenem-3d-logo\/#primaryimage\"},\"image\":{\"@id\":\"https:\/\/baenderbedrucken.de\/index.php\/bander-mit-erhabenem-3d-logo\/#primaryimage\"},\"thumbnailUrl\":\"https:\/\/baenderbedrucken.de\/wp-content\/uploads\/2026\/01\/Satinband-mit-erhabenem-3D-Druck-300x169.jpg\",\"datePublished\":\"2026-01-19T10:47:56+00:00\",\"dateModified\":\"2026-01-19T10:50:04+00:00\",\"breadcrumb\":{\"@id\":\"https:\/\/baenderbedrucken.de\/index.php\/bander-mit-erhabenem-3d-logo\/#breadcrumb\"},\"inLanguage\":\"de\",\"potentialAction\":[{\"@type\":\"ReadAction\",\"target\":[\"https:\/\/baenderbedrucken.de\/index.php\/bander-mit-erhabenem-3d-logo\/\"]}]},{\"@type\":\"ImageObject\",\"inLanguage\":\"de\",\"@id\":\"https:\/\/baenderbedrucken.de\/index.php\/bander-mit-erhabenem-3d-logo\/#primaryimage\",\"url\":\"https:\/\/baenderbedrucken.de\/wp-content\/uploads\/2026\/01\/Satinband-mit-erhabenem-3D-Druck.jpg\",\"contentUrl\":\"https:\/\/baenderbedrucken.de\/wp-content\/uploads\/2026\/01\/Satinband-mit-erhabenem-3D-Druck.jpg\",\"width\":1024,\"height\":576,\"caption\":\"Satinband mit erhabenem 3D-Druck\"},{\"@type\":\"BreadcrumbList\",\"@id\":\"https:\/\/baenderbedrucken.de\/index.php\/bander-mit-erhabenem-3d-logo\/#breadcrumb\",\"itemListElement\":[{\"@type\":\"ListItem\",\"position\":1,\"name\":\"Home\",\"item\":\"https:\/\/baenderbedrucken.de\/\"},{\"@type\":\"ListItem\",\"position\":2,\"name\":\"B\u00e4nder mit Erhabenem 3D-Logo\"}]},{\"@type\":\"WebSite\",\"@id\":\"https:\/\/baenderbedrucken.de\/#website\",\"url\":\"https:\/\/baenderbedrucken.de\/\",\"name\":\"BaenderBedrucken.de - Geschenkb\u00e4nder mit Logo\",\"description\":\"Satinband bedrucken\",\"publisher\":{\"@id\":\"https:\/\/baenderbedrucken.de\/#organization\"},\"potentialAction\":[{\"@type\":\"SearchAction\",\"target\":{\"@type\":\"EntryPoint\",\"urlTemplate\":\"https:\/\/baenderbedrucken.de\/?s={search_term_string}\"},\"query-input\":{\"@type\":\"PropertyValueSpecification\",\"valueRequired\":true,\"valueName\":\"search_term_string\"}}],\"inLanguage\":\"de\"},{\"@type\":\"Organization\",\"@id\":\"https:\/\/baenderbedrucken.de\/#organization\",\"name\":\"BaenderBedrucken.de - Geschenkb\u00e4nder mit Logo\",\"url\":\"https:\/\/baenderbedrucken.de\/\",\"logo\":{\"@type\":\"ImageObject\",\"inLanguage\":\"de\",\"@id\":\"https:\/\/baenderbedrucken.de\/#\/schema\/logo\/image\/\",\"url\":\"https:\/\/baenderbedrucken.de\/wp-content\/uploads\/2021\/02\/cropped-GESCHENKBANDER-1.gif\",\"contentUrl\":\"https:\/\/baenderbedrucken.de\/wp-content\/uploads\/2021\/02\/cropped-GESCHENKBANDER-1.gif\",\"width\":731,\"height\":163,\"caption\":\"BaenderBedrucken.de - Geschenkb\u00e4nder mit Logo\"},\"image\":{\"@id\":\"https:\/\/baenderbedrucken.de\/#\/schema\/logo\/image\/\"},\"sameAs\":[\"https:\/\/www.facebook.com\/baenderbedrucken\/\"]}]}<\/script>\n<!-- \/ Yoast SEO plugin. -->","yoast_head_json":{"title":"B\u00e4nder mit Erhabenem 3D-Logo - BaenderBedrucken.de - Geschenkb\u00e4nder mit Logo","robots":{"index":"index","follow":"follow","max-snippet":"max-snippet:-1","max-image-preview":"max-image-preview:large","max-video-preview":"max-video-preview:-1"},"canonical":"https:\/\/baenderbedrucken.de\/index.php\/bander-mit-erhabenem-3d-logo\/","og_locale":"de_DE","og_type":"article","og_title":"B\u00e4nder mit Erhabenem 3D-Logo - BaenderBedrucken.de - Geschenkb\u00e4nder mit Logo","og_description":"B\u00e4nder mit goldfarbenem Aufdruck 3d B\u00e4nder Gold Glanz \u2013 Satinb\u00e4nder mit elegantem Hei\u00dfpr\u00e4gedruck B\u00e4nder mit goldfarbenem gl\u00e4nzendem Aufdruck sind eine ideale Wahl, wenn du einen&hellip;","og_url":"https:\/\/baenderbedrucken.de\/index.php\/bander-mit-erhabenem-3d-logo\/","og_site_name":"BaenderBedrucken.de - Geschenkb\u00e4nder mit Logo","article_publisher":"https:\/\/www.facebook.com\/baenderbedrucken\/","article_modified_time":"2026-01-19T10:50:04+00:00","og_image":[{"width":1024,"height":576,"url":"https:\/\/baenderbedrucken.de\/wp-content\/uploads\/2026\/01\/Satinband-mit-erhabenem-3D-Druck.jpg","type":"image\/jpeg"}],"twitter_card":"summary_large_image","twitter_misc":{"Gesch\u00e4tzte Lesezeit":"3\u00a0Minuten"},"schema":{"@context":"https:\/\/schema.org","@graph":[{"@type":"WebPage","@id":"https:\/\/baenderbedrucken.de\/index.php\/bander-mit-erhabenem-3d-logo\/","url":"https:\/\/baenderbedrucken.de\/index.php\/bander-mit-erhabenem-3d-logo\/","name":"B\u00e4nder mit Erhabenem 3D-Logo - BaenderBedrucken.de - Geschenkb\u00e4nder mit Logo","isPartOf":{"@id":"https:\/\/baenderbedrucken.de\/#website"},"primaryImageOfPage":{"@id":"https:\/\/baenderbedrucken.de\/index.php\/bander-mit-erhabenem-3d-logo\/#primaryimage"},"image":{"@id":"https:\/\/baenderbedrucken.de\/index.php\/bander-mit-erhabenem-3d-logo\/#primaryimage"},"thumbnailUrl":"https:\/\/baenderbedrucken.de\/wp-content\/uploads\/2026\/01\/Satinband-mit-erhabenem-3D-Druck-300x169.jpg","datePublished":"2026-01-19T10:47:56+00:00","dateModified":"2026-01-19T10:50:04+00:00","breadcrumb":{"@id":"https:\/\/baenderbedrucken.de\/index.php\/bander-mit-erhabenem-3d-logo\/#breadcrumb"},"inLanguage":"de","potentialAction":[{"@type":"ReadAction","target":["https:\/\/baenderbedrucken.de\/index.php\/bander-mit-erhabenem-3d-logo\/"]}]},{"@type":"ImageObject","inLanguage":"de","@id":"https:\/\/baenderbedrucken.de\/index.php\/bander-mit-erhabenem-3d-logo\/#primaryimage","url":"https:\/\/baenderbedrucken.de\/wp-content\/uploads\/2026\/01\/Satinband-mit-erhabenem-3D-Druck.jpg","contentUrl":"https:\/\/baenderbedrucken.de\/wp-content\/uploads\/2026\/01\/Satinband-mit-erhabenem-3D-Druck.jpg","width":1024,"height":576,"caption":"Satinband mit erhabenem 3D-Druck"},{"@type":"BreadcrumbList","@id":"https:\/\/baenderbedrucken.de\/index.php\/bander-mit-erhabenem-3d-logo\/#breadcrumb","itemListElement":[{"@type":"ListItem","position":1,"name":"Home","item":"https:\/\/baenderbedrucken.de\/"},{"@type":"ListItem","position":2,"name":"B\u00e4nder mit Erhabenem 3D-Logo"}]},{"@type":"WebSite","@id":"https:\/\/baenderbedrucken.de\/#website","url":"https:\/\/baenderbedrucken.de\/","name":"BaenderBedrucken.de - Geschenkb\u00e4nder mit Logo","description":"Satinband bedrucken","publisher":{"@id":"https:\/\/baenderbedrucken.de\/#organization"},"potentialAction":[{"@type":"SearchAction","target":{"@type":"EntryPoint","urlTemplate":"https:\/\/baenderbedrucken.de\/?s={search_term_string}"},"query-input":{"@type":"PropertyValueSpecification","valueRequired":true,"valueName":"search_term_string"}}],"inLanguage":"de"},{"@type":"Organization","@id":"https:\/\/baenderbedrucken.de\/#organization","name":"BaenderBedrucken.de - Geschenkb\u00e4nder mit Logo","url":"https:\/\/baenderbedrucken.de\/","logo":{"@type":"ImageObject","inLanguage":"de","@id":"https:\/\/baenderbedrucken.de\/#\/schema\/logo\/image\/","url":"https:\/\/baenderbedrucken.de\/wp-content\/uploads\/2021\/02\/cropped-GESCHENKBANDER-1.gif","contentUrl":"https:\/\/baenderbedrucken.de\/wp-content\/uploads\/2021\/02\/cropped-GESCHENKBANDER-1.gif","width":731,"height":163,"caption":"BaenderBedrucken.de - Geschenkb\u00e4nder mit Logo"},"image":{"@id":"https:\/\/baenderbedrucken.de\/#\/schema\/logo\/image\/"},"sameAs":["https:\/\/www.facebook.com\/baenderbedrucken\/"]}]}},"_links":{"self":[{"href":"https:\/\/baenderbedrucken.de\/index.php\/wp-json\/wp\/v2\/pages\/326","targetHints":{"allow":["GET"]}}],"collection":[{"href":"https:\/\/baenderbedrucken.de\/index.php\/wp-json\/wp\/v2\/pages"}],"about":[{"href":"https:\/\/baenderbedrucken.de\/index.php\/wp-json\/wp\/v2\/types\/page"}],"author":[{"embeddable":true,"href":"https:\/\/baenderbedrucken.de\/index.php\/wp-json\/wp\/v2\/users\/1"}],"replies":[{"embeddable":true,"href":"https:\/\/baenderbedrucken.de\/index.php\/wp-json\/wp\/v2\/comments?post=326"}],"version-history":[{"count":3,"href":"https:\/\/baenderbedrucken.de\/index.php\/wp-json\/wp\/v2\/pages\/326\/revisions"}],"predecessor-version":[{"id":336,"href":"https:\/\/baenderbedrucken.de\/index.php\/wp-json\/wp\/v2\/pages\/326\/revisions\/336"}],"wp:attachment":[{"href":"https:\/\/baenderbedrucken.de\/index.php\/wp-json\/wp\/v2\/media?parent=326"}],"curies":[{"name":"wp","href":"https:\/\/api.w.org\/{rel}","templated":true}]}}