{"id":7,"date":"2021-02-01T18:15:23","date_gmt":"2021-02-01T18:15:23","guid":{"rendered":"https:\/\/baenderbedrucken.de\/?page_id=7"},"modified":"2026-02-02T19:01:21","modified_gmt":"2026-02-02T19:01:21","slug":"baender-mit-logo","status":"publish","type":"page","link":"https:\/\/baenderbedrucken.de\/","title":{"rendered":"Satinb\u00e4nder und Ripsb\u00e4nder mit Logo"},"content":{"rendered":"<div class=\"flex flex-grow flex-col max-w-full\">\n<div class=\"min-h-[20px] text-message flex flex-col items-start gap-3 whitespace-pre-wrap break-words [.text-message+&amp;]:mt-5 overflow-x-auto\" data-message-author-role=\"assistant\" data-message-id=\"61d5a986-31aa-47a1-b857-12379ecd4a83\">\n<div class=\"markdown prose w-full break-words dark:prose-invert light\">\n<h1>B\u00e4nder mit Logo \u2013 Hersteller von Werbeb\u00e4ndern<\/h1>\n<h3>Unsere Produkte \u2013 klicke, um die Details zu sehen<\/h3>\n<p><a href=\"https:\/\/baenderbedrucken.de\/index.php\/satinbander_mit_aufdruck\/\"><img loading=\"lazy\" decoding=\"async\" class=\"alignnone wp-image-100\" src=\"https:\/\/baenderbedrucken.de\/wp-content\/uploads\/2021\/02\/Satinbander_geschenken_druck-300x246.gif\" alt=\"Geschenkebaender satin mit druk\" width=\"200\" height=\"164\" \/><\/a> \u00a0<a href=\"https:\/\/baenderbedrucken.de\/index.php\/satine-premium-band-mit-aufdruck\/\"><img loading=\"lazy\" decoding=\"async\" class=\"alignnone wp-image-102\" src=\"https:\/\/baenderbedrucken.de\/wp-content\/uploads\/2021\/02\/Satinbander_geschenke_druck_atlas-300x246.jpg\" alt=\"premium Satinb\u00e4nder_geschenke_druck_atlas\" width=\"200\" height=\"164\" srcset=\"https:\/\/baenderbedrucken.de\/wp-content\/uploads\/2021\/02\/Satinbander_geschenke_druck_atlas-300x246.jpg 300w, https:\/\/baenderbedrucken.de\/wp-content\/uploads\/2021\/02\/Satinbander_geschenke_druck_atlas.jpg 653w\" sizes=\"auto, (max-width: 200px) 100vw, 200px\" \/><\/a> \u00a0<a href=\"https:\/\/baenderbedrucken.de\/index.php\/oko-bandern-pet\/\"><img loading=\"lazy\" decoding=\"async\" class=\"alignnone wp-image-105\" src=\"https:\/\/baenderbedrucken.de\/wp-content\/uploads\/2021\/02\/OKO_geschenkbaender_eco-300x246.jpg\" alt=\"\u00d6kob\u00e4nder mit Logo (rPET) bedrucken\" width=\"200\" height=\"164\" srcset=\"https:\/\/baenderbedrucken.de\/wp-content\/uploads\/2021\/02\/OKO_geschenkbaender_eco-300x246.jpg 300w, https:\/\/baenderbedrucken.de\/wp-content\/uploads\/2021\/02\/OKO_geschenkbaender_eco.jpg 653w\" sizes=\"auto, (max-width: 200px) 100vw, 200px\" \/><\/a> <a href=\"https:\/\/baenderbedrucken.de\/index.php\/ripsbander-mit-aufdruck\/\"><img loading=\"lazy\" decoding=\"async\" class=\"alignnone wp-image-322 \" src=\"https:\/\/baenderbedrucken.de\/wp-content\/uploads\/2026\/01\/ripsband_mit_logo-1.jpg\" alt=\"Ripsband mit Logo\" width=\"200\" height=\"164\" srcset=\"https:\/\/baenderbedrucken.de\/wp-content\/uploads\/2026\/01\/ripsband_mit_logo-1.jpg 550w, https:\/\/baenderbedrucken.de\/wp-content\/uploads\/2026\/01\/ripsband_mit_logo-1-300x246.jpg 300w\" sizes=\"auto, (max-width: 200px) 100vw, 200px\" \/><\/a> \u00a0<a href=\"https:\/\/baenderbedrucken.de\/index.php\/eroeffnungsbaender-mit-aufdruck-in-vollfarbe\/\"><img loading=\"lazy\" decoding=\"async\" class=\"alignnone wp-image-358\" src=\"https:\/\/baenderbedrucken.de\/wp-content\/uploads\/2026\/01\/Erooeffnungsbander-mit-Aufdruck.jpg\" alt=\"Ero\u00f6ffnungsbander mit Aufdruck\" width=\"204\" height=\"167\" srcset=\"https:\/\/baenderbedrucken.de\/wp-content\/uploads\/2026\/01\/Erooeffnungsbander-mit-Aufdruck.jpg 550w, https:\/\/baenderbedrucken.de\/wp-content\/uploads\/2026\/01\/Erooeffnungsbander-mit-Aufdruck-300x246.jpg 300w\" sizes=\"auto, (max-width: 204px) 100vw, 204px\" \/><\/a> <a href=\"https:\/\/baenderbedrucken.de\/index.php\/bander-mit-erhabenem-3d-logo\/\"><img loading=\"lazy\" decoding=\"async\" class=\"alignnone wp-image-323 \" src=\"https:\/\/baenderbedrucken.de\/wp-content\/uploads\/2026\/01\/Bander_mit_Reliefdruck.jpg\" alt=\"B\u00e4nder mit Reliefdruck 3d\" width=\"202\" height=\"165\" srcset=\"https:\/\/baenderbedrucken.de\/wp-content\/uploads\/2026\/01\/Bander_mit_Reliefdruck.jpg 550w, https:\/\/baenderbedrucken.de\/wp-content\/uploads\/2026\/01\/Bander_mit_Reliefdruck-300x246.jpg 300w\" sizes=\"auto, (max-width: 202px) 100vw, 202px\" \/><\/a><\/p>\n<p><strong>Suchst du nach einem vertrauensw\u00fcrdigen Partner, der f\u00fcr dich Werbeb\u00e4nder mit Logo fertigen wird? Wir sind ein Unternehmen, f\u00fcr das das Herstellen von Werbeb\u00e4ndern nicht nur ein Stichwort, sondern ein reales Qualit\u00e4tsversprechen ist.<\/strong><\/p>\n<h2>Werbeb\u00e4nder, Satinb\u00e4nder mit logo<\/h2>\n<\/div>\n<\/div>\n<\/div>\n<p>Wir fertigen verschiedene Arten von<strong> B\u00e4ndern mit Aufdruck<\/strong> \u2013 vom klassischen<strong> Satin<\/strong> \u00fcber <strong>Rips<\/strong> und <strong>Premium<\/strong> bis hin zu umweltfreundlichen<strong> Recycling-B\u00e4ndern<\/strong>. Wir bieten auch <strong>Er\u00f6ffnungsb\u00e4nder<\/strong> und<strong> Sch\u00e4rpen. Veganes Produkt \u2013 frei von tierischen Materialien<\/strong><\/p>\n<p><img loading=\"lazy\" decoding=\"async\" class=\"alignnone wp-image-309 \" src=\"https:\/\/baenderbedrucken.de\/wp-content\/uploads\/2025\/05\/baender-mit-logo.jpg\" alt=\"B\u00e4nder mit Logo\" width=\"519\" height=\"346\" srcset=\"https:\/\/baenderbedrucken.de\/wp-content\/uploads\/2025\/05\/baender-mit-logo.jpg 875w, https:\/\/baenderbedrucken.de\/wp-content\/uploads\/2025\/05\/baender-mit-logo-300x200.jpg 300w, https:\/\/baenderbedrucken.de\/wp-content\/uploads\/2025\/05\/baender-mit-logo-768x512.jpg 768w\" sizes=\"auto, (max-width: 519px) 100vw, 519px\" \/><\/p>\n<p>Dadurch, dass wir der direkte Hersteller sind, k\u00f6nnen wir dir eine <strong>schnelle<\/strong> Abwicklung, <strong>kostenlose Muster<\/strong> und attraktive Preise anbieten \u2013 ohne Vermittler.<\/p>\n<h2>Warum lohnt es sich, Werbeb\u00e4nder beim Hersteller ohne Vermittler zu w\u00e4hlen?<\/h2>\n<p>Unseren Kunden sind nicht nur die Qualit\u00e4t, sondern auch die Zeit und die Flexibilit\u00e4t wichtig. Deswegen bieten wir:<\/p>\n<p>\ud83c\udfaf Mindestbestellmenge \u2013 nur 25 Meter<\/p>\n<p>\ud83c\udfa8 KOSTENFREIEN Probeaufdruck<\/p>\n<p>\ud83d\uddbc\ufe0f KOSTENFREIE Design-Visualisierung<\/p>\n<p>\u2702\ufe0f KOSTENFREIE Schablonen und Muster<\/p>\n<p>\u23f1\ufe0f Bearbeitungszeit: 3-4 Werktage<\/p>\n<p>\ud83d\udcbc Gro\u00dfhandelspreise bereits ab 100 Metern<\/p>\n<p>Als Hersteller von Werbeb\u00e4ndern agieren wir ganzheitlich: von der technischen Beratung \u00fcber das Grafikprojekt bis hin zum fertigen Produkt mit dem Aufdruck deines Logos.<\/p>\n<p>Dank der visuellen Pr\u00e4sentation der Produkte kannst du ihren Stil, ihre Farbgebung und Anwendung einfacher vergleichen.<\/p>\n<p>Zus\u00e4tzlich f\u00fchrt jede Kachel zur Seite mit der Beschreibung, den Bildern und dem Kontaktformular.<\/p>\n<p>So kommst du schneller zur idealen L\u00f6sung f\u00fcr dein Unternehmen.<\/p>\n<p><img loading=\"lazy\" decoding=\"async\" class=\"alignnone wp-image-368\" src=\"https:\/\/baenderbedrucken.de\/wp-content\/uploads\/2026\/02\/geschenk_band_logo.jpg\" alt=\"Geschnekband mit logo\" width=\"300\" height=\"383\" srcset=\"https:\/\/baenderbedrucken.de\/wp-content\/uploads\/2026\/02\/geschenk_band_logo.jpg 467w, https:\/\/baenderbedrucken.de\/wp-content\/uploads\/2026\/02\/geschenk_band_logo-235x300.jpg 235w\" sizes=\"auto, (max-width: 300px) 100vw, 300px\" \/><\/p>\n<h2>Breiten der verf\u00fcgbaren Satinband<\/h2>\n<p>Dir stehen folgende Breiten zur Auswahl: 7mm,\u00a0 1 cm, 1,5 cm, 2 cm, 2,5 cm, 3 cm, 3,5 cm, 4 cm, 4,5 cm, 5 cm<\/p>\n<p>\ud83d\udd39 H\u00e4ufig ausgew\u00e4hlt: 1 cm, 1,5 cm, 2 cm und 2,5 cm. Bei einer so breiten Auswahl passt du problemlos ein Band an deine Anwendung an \u2013 von Etiketten bis hin zu Premium-Verpackungen<\/p>\n<h2>\u2753 H\u00e4ufig gestellte Fragen<\/h2>\n<h3>Darf ich Muster oder Visualisierung bestellen?<\/h3>\n<p>Ja! Wir versenden kostenfreie Muster und Visualisierung des Designs mit deinem Logo noch vor der eigentlichen Fertigung<\/p>\n<h3>Wie lange ist die Bearbeitungszeit?<\/h3>\n<p>Die Bestellungen bearbeiten wir \u00fcblicherweise innerhalb von 3-4 Arbeitstagen (au\u00dfer den B\u00e4ndern mit Reliefdruck) ab dem Zeitpunkt der Best\u00e4tigung des Projekt<\/p>\n<h3>\ud83e\uddfe Was gewinnst du zum Schluss?<\/h3>\n<p>Durch die Zusammenarbeit mit uns erh\u00e4ltst du mehr als nur ein Produkt. <strong>Wir bieten noch Folgendes an:<\/strong><\/p>\n<p>grafische Unterst\u00fctzung, weil wir f\u00fcr dich ein<\/p>\n<p>kostenfreies Design-Projekt erstellen<\/p>\n<p>kostenfreien Testdruck, damit du dir der Qualit\u00e4t und der Farbe sicher bist<\/p>\n<p>kurze Wartezeit<\/p>\n<p><strong> Dadurch, dass wir direkter Hersteller von Werbeb\u00e4ndern sind, kannst du dich auf deine Marke konzentrieren \u2013 wir k\u00fcmmern uns um den Rest.<\/strong><\/p>\n<p>&nbsp;<\/p>\n<p><a href=\"https:\/\/baenderbedrucken.de\/index.php\/kontakt-bander-werbe\/\"><strong>\ud83d\udd1a Lust zu bestellen? Fragen?<\/strong>\u00a0<\/a><\/p>\n<p>Kontaktiere uns per E-Mail \u2013 wir beraten, bereiten eine Visualisierung vor und beginnen mit der Fertigung<\/p>\n<p>&#8212;<br \/>\n<a href=\"http:\/\/www.smyczereklamowe.com\" target=\"_blank\" rel=\"noopener\">Lanyards mit Logo<\/a><\/p>\n","protected":false},"excerpt":{"rendered":"<p>B\u00e4nder mit Logo \u2013 Hersteller von Werbeb\u00e4ndern Unsere Produkte \u2013 klicke, um die Details zu sehen \u00a0 \u00a0 \u00a0 Suchst du nach einem vertrauensw\u00fcrdigen Partner,&hellip;<\/p>\n","protected":false},"author":1,"featured_media":0,"parent":0,"menu_order":0,"comment_status":"closed","ping_status":"closed","template":"","meta":{"footnotes":""},"class_list":["post-7","page","type-page","status-publish","hentry"],"yoast_head":"<!-- This site is optimized with the Yoast SEO plugin v27.0 - https:\/\/yoast.com\/product\/yoast-seo-wordpress\/ -->\n<title>Satinb\u00e4nder und Ripsb\u00e4nder mit Logo - BaenderBedrucken.de - Geschenkb\u00e4nder mit Logo<\/title>\n<meta name=\"description\" content=\"Wir fertigen Satin und Ripsb\u00e4nder mit Ihrem individuellen Aufdruck. Bestellen Sie Ihre Die Produktionszeit betr\u00e4gt nur 2 Tage!\" \/>\n<meta name=\"robots\" content=\"index, follow, max-snippet:-1, max-image-preview:large, max-video-preview:-1\" \/>\n<link rel=\"canonical\" href=\"https:\/\/baenderbedrucken.de\/\" \/>\n<meta property=\"og:locale\" content=\"de_DE\" \/>\n<meta property=\"og:type\" content=\"article\" \/>\n<meta property=\"og:title\" content=\"Satinb\u00e4nder und Ripsb\u00e4nder mit Logo - BaenderBedrucken.de - Geschenkb\u00e4nder mit Logo\" \/>\n<meta property=\"og:description\" content=\"Wir fertigen Satin und Ripsb\u00e4nder mit Ihrem individuellen Aufdruck. Bestellen Sie Ihre Die Produktionszeit betr\u00e4gt nur 2 Tage!\" \/>\n<meta property=\"og:url\" content=\"https:\/\/baenderbedrucken.de\/\" \/>\n<meta property=\"og:site_name\" content=\"BaenderBedrucken.de - Geschenkb\u00e4nder mit Logo\" \/>\n<meta property=\"article:publisher\" content=\"https:\/\/www.facebook.com\/baenderbedrucken\/\" \/>\n<meta property=\"article:modified_time\" content=\"2026-02-02T19:01:21+00:00\" \/>\n<meta property=\"og:image\" content=\"https:\/\/baenderbedrucken.de\/wp-content\/uploads\/2021\/02\/Satinbander_geschenken_druck.gif\" \/>\n\t<meta property=\"og:image:width\" content=\"653\" \/>\n\t<meta property=\"og:image:height\" content=\"535\" \/>\n\t<meta property=\"og:image:type\" content=\"image\/gif\" \/>\n<meta name=\"twitter:card\" content=\"summary_large_image\" \/>\n<meta name=\"twitter:label1\" content=\"Gesch\u00e4tzte Lesezeit\" \/>\n\t<meta name=\"twitter:data1\" content=\"4\u00a0Minuten\" \/>\n<script type=\"application\/ld+json\" class=\"yoast-schema-graph\">{\"@context\":\"https:\/\/schema.org\",\"@graph\":[{\"@type\":\"WebPage\",\"@id\":\"https:\/\/baenderbedrucken.de\/\",\"url\":\"https:\/\/baenderbedrucken.de\/\",\"name\":\"Satinb\u00e4nder und Ripsb\u00e4nder mit Logo - BaenderBedrucken.de - Geschenkb\u00e4nder mit Logo\",\"isPartOf\":{\"@id\":\"https:\/\/baenderbedrucken.de\/#website\"},\"primaryImageOfPage\":{\"@id\":\"https:\/\/baenderbedrucken.de\/#primaryimage\"},\"image\":{\"@id\":\"https:\/\/baenderbedrucken.de\/#primaryimage\"},\"thumbnailUrl\":\"https:\/\/baenderbedrucken.de\/wp-content\/uploads\/2021\/02\/Satinbander_geschenken_druck-300x246.gif\",\"datePublished\":\"2021-02-01T18:15:23+00:00\",\"dateModified\":\"2026-02-02T19:01:21+00:00\",\"description\":\"Wir fertigen Satin und Ripsb\u00e4nder mit Ihrem individuellen Aufdruck. Bestellen Sie Ihre Die Produktionszeit betr\u00e4gt nur 2 Tage!\",\"breadcrumb\":{\"@id\":\"https:\/\/baenderbedrucken.de\/#breadcrumb\"},\"inLanguage\":\"de\",\"potentialAction\":[{\"@type\":\"ReadAction\",\"target\":[\"https:\/\/baenderbedrucken.de\/\"]}]},{\"@type\":\"ImageObject\",\"inLanguage\":\"de\",\"@id\":\"https:\/\/baenderbedrucken.de\/#primaryimage\",\"url\":\"https:\/\/baenderbedrucken.de\/wp-content\/uploads\/2021\/02\/Satinbander_geschenken_druck.gif\",\"contentUrl\":\"https:\/\/baenderbedrucken.de\/wp-content\/uploads\/2021\/02\/Satinbander_geschenken_druck.gif\",\"width\":653,\"height\":535,\"caption\":\"Geschenkebaender satin mit druk\"},{\"@type\":\"BreadcrumbList\",\"@id\":\"https:\/\/baenderbedrucken.de\/#breadcrumb\",\"itemListElement\":[{\"@type\":\"ListItem\",\"position\":1,\"name\":\"Home\",\"item\":\"https:\/\/baenderbedrucken.de\/\"},{\"@type\":\"ListItem\",\"position\":2,\"name\":\"Satinb\u00e4nder und Ripsb\u00e4nder mit Logo\"}]},{\"@type\":\"WebSite\",\"@id\":\"https:\/\/baenderbedrucken.de\/#website\",\"url\":\"https:\/\/baenderbedrucken.de\/\",\"name\":\"BaenderBedrucken.de - Geschenkb\u00e4nder mit Logo\",\"description\":\"Satinband bedrucken\",\"publisher\":{\"@id\":\"https:\/\/baenderbedrucken.de\/#organization\"},\"potentialAction\":[{\"@type\":\"SearchAction\",\"target\":{\"@type\":\"EntryPoint\",\"urlTemplate\":\"https:\/\/baenderbedrucken.de\/?s={search_term_string}\"},\"query-input\":{\"@type\":\"PropertyValueSpecification\",\"valueRequired\":true,\"valueName\":\"search_term_string\"}}],\"inLanguage\":\"de\"},{\"@type\":\"Organization\",\"@id\":\"https:\/\/baenderbedrucken.de\/#organization\",\"name\":\"BaenderBedrucken.de - Geschenkb\u00e4nder mit Logo\",\"url\":\"https:\/\/baenderbedrucken.de\/\",\"logo\":{\"@type\":\"ImageObject\",\"inLanguage\":\"de\",\"@id\":\"https:\/\/baenderbedrucken.de\/#\/schema\/logo\/image\/\",\"url\":\"https:\/\/baenderbedrucken.de\/wp-content\/uploads\/2021\/02\/cropped-GESCHENKBANDER-1.gif\",\"contentUrl\":\"https:\/\/baenderbedrucken.de\/wp-content\/uploads\/2021\/02\/cropped-GESCHENKBANDER-1.gif\",\"width\":731,\"height\":163,\"caption\":\"BaenderBedrucken.de - Geschenkb\u00e4nder mit Logo\"},\"image\":{\"@id\":\"https:\/\/baenderbedrucken.de\/#\/schema\/logo\/image\/\"},\"sameAs\":[\"https:\/\/www.facebook.com\/baenderbedrucken\/\"]}]}<\/script>\n<!-- \/ Yoast SEO plugin. -->","yoast_head_json":{"title":"Satinb\u00e4nder und Ripsb\u00e4nder mit Logo - BaenderBedrucken.de - Geschenkb\u00e4nder mit Logo","description":"Wir fertigen Satin und Ripsb\u00e4nder mit Ihrem individuellen Aufdruck. Bestellen Sie Ihre Die Produktionszeit betr\u00e4gt nur 2 Tage!","robots":{"index":"index","follow":"follow","max-snippet":"max-snippet:-1","max-image-preview":"max-image-preview:large","max-video-preview":"max-video-preview:-1"},"canonical":"https:\/\/baenderbedrucken.de\/","og_locale":"de_DE","og_type":"article","og_title":"Satinb\u00e4nder und Ripsb\u00e4nder mit Logo - BaenderBedrucken.de - Geschenkb\u00e4nder mit Logo","og_description":"Wir fertigen Satin und Ripsb\u00e4nder mit Ihrem individuellen Aufdruck. Bestellen Sie Ihre Die Produktionszeit betr\u00e4gt nur 2 Tage!","og_url":"https:\/\/baenderbedrucken.de\/","og_site_name":"BaenderBedrucken.de - Geschenkb\u00e4nder mit Logo","article_publisher":"https:\/\/www.facebook.com\/baenderbedrucken\/","article_modified_time":"2026-02-02T19:01:21+00:00","og_image":[{"width":653,"height":535,"url":"https:\/\/baenderbedrucken.de\/wp-content\/uploads\/2021\/02\/Satinbander_geschenken_druck.gif","type":"image\/gif"}],"twitter_card":"summary_large_image","twitter_misc":{"Gesch\u00e4tzte Lesezeit":"4\u00a0Minuten"},"schema":{"@context":"https:\/\/schema.org","@graph":[{"@type":"WebPage","@id":"https:\/\/baenderbedrucken.de\/","url":"https:\/\/baenderbedrucken.de\/","name":"Satinb\u00e4nder und Ripsb\u00e4nder mit Logo - BaenderBedrucken.de - Geschenkb\u00e4nder mit Logo","isPartOf":{"@id":"https:\/\/baenderbedrucken.de\/#website"},"primaryImageOfPage":{"@id":"https:\/\/baenderbedrucken.de\/#primaryimage"},"image":{"@id":"https:\/\/baenderbedrucken.de\/#primaryimage"},"thumbnailUrl":"https:\/\/baenderbedrucken.de\/wp-content\/uploads\/2021\/02\/Satinbander_geschenken_druck-300x246.gif","datePublished":"2021-02-01T18:15:23+00:00","dateModified":"2026-02-02T19:01:21+00:00","description":"Wir fertigen Satin und Ripsb\u00e4nder mit Ihrem individuellen Aufdruck. Bestellen Sie Ihre Die Produktionszeit betr\u00e4gt nur 2 Tage!","breadcrumb":{"@id":"https:\/\/baenderbedrucken.de\/#breadcrumb"},"inLanguage":"de","potentialAction":[{"@type":"ReadAction","target":["https:\/\/baenderbedrucken.de\/"]}]},{"@type":"ImageObject","inLanguage":"de","@id":"https:\/\/baenderbedrucken.de\/#primaryimage","url":"https:\/\/baenderbedrucken.de\/wp-content\/uploads\/2021\/02\/Satinbander_geschenken_druck.gif","contentUrl":"https:\/\/baenderbedrucken.de\/wp-content\/uploads\/2021\/02\/Satinbander_geschenken_druck.gif","width":653,"height":535,"caption":"Geschenkebaender satin mit druk"},{"@type":"BreadcrumbList","@id":"https:\/\/baenderbedrucken.de\/#breadcrumb","itemListElement":[{"@type":"ListItem","position":1,"name":"Home","item":"https:\/\/baenderbedrucken.de\/"},{"@type":"ListItem","position":2,"name":"Satinb\u00e4nder und Ripsb\u00e4nder mit Logo"}]},{"@type":"WebSite","@id":"https:\/\/baenderbedrucken.de\/#website","url":"https:\/\/baenderbedrucken.de\/","name":"BaenderBedrucken.de - Geschenkb\u00e4nder mit Logo","description":"Satinband bedrucken","publisher":{"@id":"https:\/\/baenderbedrucken.de\/#organization"},"potentialAction":[{"@type":"SearchAction","target":{"@type":"EntryPoint","urlTemplate":"https:\/\/baenderbedrucken.de\/?s={search_term_string}"},"query-input":{"@type":"PropertyValueSpecification","valueRequired":true,"valueName":"search_term_string"}}],"inLanguage":"de"},{"@type":"Organization","@id":"https:\/\/baenderbedrucken.de\/#organization","name":"BaenderBedrucken.de - Geschenkb\u00e4nder mit Logo","url":"https:\/\/baenderbedrucken.de\/","logo":{"@type":"ImageObject","inLanguage":"de","@id":"https:\/\/baenderbedrucken.de\/#\/schema\/logo\/image\/","url":"https:\/\/baenderbedrucken.de\/wp-content\/uploads\/2021\/02\/cropped-GESCHENKBANDER-1.gif","contentUrl":"https:\/\/baenderbedrucken.de\/wp-content\/uploads\/2021\/02\/cropped-GESCHENKBANDER-1.gif","width":731,"height":163,"caption":"BaenderBedrucken.de - Geschenkb\u00e4nder mit Logo"},"image":{"@id":"https:\/\/baenderbedrucken.de\/#\/schema\/logo\/image\/"},"sameAs":["https:\/\/www.facebook.com\/baenderbedrucken\/"]}]}},"_links":{"self":[{"href":"https:\/\/baenderbedrucken.de\/index.php\/wp-json\/wp\/v2\/pages\/7","targetHints":{"allow":["GET"]}}],"collection":[{"href":"https:\/\/baenderbedrucken.de\/index.php\/wp-json\/wp\/v2\/pages"}],"about":[{"href":"https:\/\/baenderbedrucken.de\/index.php\/wp-json\/wp\/v2\/types\/page"}],"author":[{"embeddable":true,"href":"https:\/\/baenderbedrucken.de\/index.php\/wp-json\/wp\/v2\/users\/1"}],"replies":[{"embeddable":true,"href":"https:\/\/baenderbedrucken.de\/index.php\/wp-json\/wp\/v2\/comments?post=7"}],"version-history":[{"count":56,"href":"https:\/\/baenderbedrucken.de\/index.php\/wp-json\/wp\/v2\/pages\/7\/revisions"}],"predecessor-version":[{"id":374,"href":"https:\/\/baenderbedrucken.de\/index.php\/wp-json\/wp\/v2\/pages\/7\/revisions\/374"}],"wp:attachment":[{"href":"https:\/\/baenderbedrucken.de\/index.php\/wp-json\/wp\/v2\/media?parent=7"}],"curies":[{"name":"wp","href":"https:\/\/api.w.org\/{rel}","templated":true}]}}